{"id":2272,"date":"2019-08-19T12:36:52","date_gmt":"2019-08-19T12:36:52","guid":{"rendered":"https:\/\/mediawolf.fi\/tietosuojaseloste\/"},"modified":"2025-12-29T12:37:41","modified_gmt":"2025-12-29T12:37:41","slug":"tietosuojaseloste","status":"publish","type":"page","link":"https:\/\/mediawolf.fi\/fi\/tietosuojaseloste\/","title":{"rendered":"Tietosuojaseloste"},"content":{"rendered":"<p>[et_pb_section fb_built=&#8221;1&#8243; _builder_version=&#8221;4.16&#8243; global_colors_info=&#8221;{}&#8221;][et_pb_row column_structure=&#8221;1_2,1_2&#8243; _builder_version=&#8221;4.16&#8243; background_size=&#8221;initial&#8221; background_position=&#8221;top_left&#8221; background_repeat=&#8221;repeat&#8221; global_colors_info=&#8221;{}&#8221;][et_pb_column type=&#8221;1_2&#8243; _builder_version=&#8221;4.16&#8243; custom_padding=&#8221;|||&#8221; global_colors_info=&#8221;{}&#8221; custom_padding__hover=&#8221;|||&#8221;][et_pb_text _builder_version=&#8221;4.27.5&#8243; text_font=&#8221;||||||||&#8221; header_font=&#8221;||||||||&#8221; header_font_size=&#8221;40px&#8221; header_line_height=&#8221;1.3em&#8221; header_3_font=&#8221;||||||||&#8221; header_4_font=&#8221;||||||||&#8221; header_5_font=&#8221;||||||||&#8221; max_width_last_edited=&#8221;off|desktop&#8221; animation_style=&#8221;fade&#8221; animation_duration=&#8221;1600ms&#8221; animation_delay=&#8221;1000ms&#8221; text_font_size_phone=&#8221;14px&#8221; text_font_size_last_edited=&#8221;off|desktop&#8221; header_font_size_tablet=&#8221;&#8221; header_font_size_phone=&#8221;32px&#8221; header_font_size_last_edited=&#8221;on|desktop&#8221; header_text_shadow_style=&#8221;preset1&#8243; header_text_shadow_horizontal_length=&#8221;0.15em&#8221; header_text_shadow_vertical_length=&#8221;0.15em&#8221; header_text_shadow_blur_strength=&#8221;0.12em&#8221; global_colors_info=&#8221;{}&#8221;]<\/p>\n<h1>Mediawolfin tietosuojaseloste<\/h1>\n<p>[\/et_pb_text][\/et_pb_column][et_pb_column type=&#8221;1_2&#8243; _builder_version=&#8221;4.16&#8243; custom_padding=&#8221;|||&#8221; global_colors_info=&#8221;{}&#8221; custom_padding__hover=&#8221;|||&#8221;][et_pb_text _builder_version=&#8221;4.27.5&#8243; hover_enabled=&#8221;0&#8243; global_colors_info=&#8221;{}&#8221; sticky_enabled=&#8221;0&#8243;]<\/p>\n<p><strong>Tietosuojaseloste <br \/><\/strong>(P\u00e4ivitetty 29.12.2025)<\/p>\n<p><\/p>\n<p><strong>Vastuullinen organisaatio<\/strong> <br \/><em>Mediawolf Oy<br \/>Y-tunnus: 3588464-3<br \/>J\u00e4\u00e4k\u00e4rinpuistikko 4, 65230 Vaasa<\/em><\/p>\n<p><\/p>\n<p><strong>Vastuullinen henkil\u00f6 organisaatiossa<\/strong> <br \/><em>Kaj Lindeman, TJ.<\/em><\/p>\n<p><\/p>\n<p><em>Yhteystiedot: 050-5563073 <a href=\"m&#97;&#105;&#x6c;&#x74;&#x6f;:w&#111;&#108;&#x66;&#x40;&#x6d;e&#100;&#105;&#97;&#x77;&#x6f;&#x6c;f&#46;&#102;&#x69;\"> &#119;&#x6f;l&#102;&#x40;m&#101;&#x64;i&#97;&#x77;o&#108;&#x66;&#46;&#102;&#x69;<\/a><\/em><\/p>\n<p><\/p>\n<p><strong>Henkil\u00f6tietojen k\u00e4sittelyn tarkoitus<\/strong> <br \/><em>Yhteystiedot, jotta voidaan laskuttaa ja tarvittaessa ottaa yhteytt\u00e4 asiakkaisiin.<\/em> <em>Yleens\u00e4 henkil\u00f6tiedot ker\u00e4t\u00e4\u00e4n suoraan sinulta, kun tilaat palvelun meilt\u00e4, \u200b\u200bjoko verkkosivustoltamme olevalla yhteyslomakkeella, puhelimitse tai s\u00e4hk\u00f6postitse. Joskus tarvitsemme lis\u00e4tietoja pit\u00e4\u00e4ksemme tiedot ajan tasalla tai varmistaaksemme, ett\u00e4 meill\u00e4 on oikeat tiedot. Niit\u00e4 saamme tarkistamalla tiedot muun muassa <a href=\"https:\/\/www.ytj.fi\" target=\"_blank\" rel=\"noopener\">YTJ: n yritys- ja organisaatiotietoj\u00e4rjestelmiss\u00e4<\/a>.<\/em><\/p>\n<p><\/p>\n<p><em>Voimme my\u00f6s ker\u00e4t\u00e4 tietoja sinulta palautteen tai muun vuorovaikutuksen k\u00e4ytt\u00e4m\u00e4mme digitaalisten kanavien kautta, joihin kuuluvat: tiedusteluja Facebookin ja Tawk.to online-chat keskustelujen kautta. Ne varastoidaan ja rekister\u00f6id\u00e4\u00e4n toimeksiantojen varmentamista, dokumentaatiota sek\u00e4 laatua ja kehityst\u00e4 varten. Turvallisuussyist\u00e4 toimistossamme on kameravalvonta.<\/em><\/p>\n<p><\/p>\n<p><strong>Henkil\u00f6tietojen k\u00e4sittelty<\/strong> <br \/><em>Nimi, osoite, puhelinnumero ja s\u00e4hk\u00f6postiosoite.<\/em><\/p>\n<p><\/p>\n<p><strong>Henkil\u00f6tietojen vastaanottaja<\/strong> <br \/><em>Henkil\u00f6tietoja k\u00e4sittelee Mediawolf Oy:n toimitusjohtaja Kaj Lindeman. Asiakasrekisterin tietoja ei luovuteta muille osapuolille lukuun ottamatta yhteystietoja, jotka n\u00e4kyv\u00e4t laskussa, joka luovutetaan Mediawolf Oy:n kirjanpitoyritykselle.<\/em><\/p>\n<p><\/p>\n<p><strong>Varastointiaika<\/strong> <br \/><em>Tiedot tallennetaan toistaiseksi asiakasrekisteriin ja laskujen tiedot kirjanpitolain mukaisesti.<\/em><\/p>\n<p><\/p>\n<p><strong>Oikeudet<\/strong> <br \/><em>Asiakasrekisteriin merkityill\u00e4 henkil\u00f6ill\u00e4 on oikeus pyyt\u00e4\u00e4 p\u00e4\u00e4sy\u00e4 tietoihinsa ja oikaisua niihin. Henkil\u00f6ill\u00e4 on my\u00f6s oikeus pyyt\u00e4\u00e4 tietojensa poistamista.<\/em> T\u00e4m\u00e4n kuvauksen sis\u00e4lt\u00f6 perustuu Suomen tietosuojalakiin (RP 9\/2018) ja EU: n yleiseen tietosuoja-asetukseen (2016\/679).<\/p>\n<p>[\/et_pb_text][\/et_pb_column][\/et_pb_row][\/et_pb_section]<\/p>\n","protected":false},"excerpt":{"rendered":"<p>Mediawolfin tietosuojaselosteTietosuojaseloste (P\u00e4ivitetty 29.12.2025)Vastuullinen organisaatio Mediawolf OyY-tunnus: 3588464-3J\u00e4\u00e4k\u00e4rinpuistikko 4, 65230 VaasaVastuullinen henkil\u00f6 organisaatiossa Kaj Lindeman, TJ.Yhteystiedot: 050-5563073 &#x77;&#x6f;&#108;&#102;&#64;&#x6d;&#x65;&#x64;&#105;aw&#x6f;&#x6c;&#102;&#46;f&#x69;&#x48;&#x65;&#110;ki&#x6c;\u00f6tietojen k\u00e4sittelyn tarkoitus Yhteystiedot, jotta voidaan laskuttaa ja tarvittaessa ottaa yhteytt\u00e4 asiakkaisiin. Yleens\u00e4 henkil\u00f6tiedot ker\u00e4t\u00e4\u00e4n suoraan sinulta, kun tilaat palvelun meilt\u00e4, \u200b\u200bjoko verkkosivustoltamme olevalla yhteyslomakkeella, puhelimitse tai s\u00e4hk\u00f6postitse. Joskus tarvitsemme lis\u00e4tietoja pit\u00e4\u00e4ksemme tiedot ajan tasalla tai varmistaaksemme, ett\u00e4 [&hellip;]<\/p>\n","protected":false},"author":4,"featured_media":0,"parent":0,"menu_order":0,"comment_status":"closed","ping_status":"closed","template":"","meta":{"_et_pb_use_builder":"on","_et_pb_old_content":"","_et_gb_content_width":"","footnotes":""},"class_list":["post-2272","page","type-page","status-publish","hentry"],"_links":{"self":[{"href":"https:\/\/mediawolf.fi\/fi\/wp-json\/wp\/v2\/pages\/2272","targetHints":{"allow":["GET"]}}],"collection":[{"href":"https:\/\/mediawolf.fi\/fi\/wp-json\/wp\/v2\/pages"}],"about":[{"href":"https:\/\/mediawolf.fi\/fi\/wp-json\/wp\/v2\/types\/page"}],"author":[{"embeddable":true,"href":"https:\/\/mediawolf.fi\/fi\/wp-json\/wp\/v2\/users\/4"}],"replies":[{"embeddable":true,"href":"https:\/\/mediawolf.fi\/fi\/wp-json\/wp\/v2\/comments?post=2272"}],"version-history":[{"count":3,"href":"https:\/\/mediawolf.fi\/fi\/wp-json\/wp\/v2\/pages\/2272\/revisions"}],"predecessor-version":[{"id":5691,"href":"https:\/\/mediawolf.fi\/fi\/wp-json\/wp\/v2\/pages\/2272\/revisions\/5691"}],"wp:attachment":[{"href":"https:\/\/mediawolf.fi\/fi\/wp-json\/wp\/v2\/media?parent=2272"}],"curies":[{"name":"wp","href":"https:\/\/api.w.org\/{rel}","templated":true}]}}