{"id":3097,"date":"2021-01-20T09:45:25","date_gmt":"2021-01-20T09:45:25","guid":{"rendered":"https:\/\/mediawolf.fi\/?page_id=3097"},"modified":"2026-04-21T09:50:50","modified_gmt":"2026-04-21T09:50:50","slug":"monikameratuotanto-ja-suoratoistopalvelu","status":"publish","type":"page","link":"https:\/\/mediawolf.fi\/fi\/monikameratuotanto-ja-suoratoistopalvelu\/","title":{"rendered":"Monikameratuotanto ja live streaming palvelu Vaasassa"},"content":{"rendered":"<p>[et_pb_section fb_built=&#8221;1&#8243; next_background_color=&#8221;#ffffff&#8221; _builder_version=&#8221;4.27.6&#8243; _module_preset=&#8221;default&#8221; background_image=&#8221;https:\/\/mediawolf.fi\/wp-content\/uploads\/2025\/01\/LiveStream04.jpg&#8221; height=&#8221;500px&#8221; height_tablet=&#8221;400px&#8221; height_phone=&#8221;200px&#8221; height_last_edited=&#8221;on|phone&#8221; max_height=&#8221;700px&#8221; max_height_tablet=&#8221;700px&#8221; max_height_phone=&#8221;700px&#8221; max_height_last_edited=&#8221;on|tablet&#8221; top_divider_flip=&#8221;vertical&#8221; bottom_divider_style=&#8221;waves2&#8243; bottom_divider_height=&#8221;50px&#8221; bottom_divider_height_tablet=&#8221;30px&#8221; bottom_divider_height_phone=&#8221;23px&#8221; bottom_divider_height_last_edited=&#8221;on|phone&#8221; divi_se_set=&#8221;none&#8221; locked=&#8221;off&#8221; global_colors_info=&#8221;{}&#8221; theme_builder_area=&#8221;post_content&#8221;][et_pb_row _builder_version=&#8221;4.25.1&#8243; _module_preset=&#8221;default&#8221; global_colors_info=&#8221;{}&#8221; theme_builder_area=&#8221;post_content&#8221;][et_pb_column type=&#8221;4_4&#8243; _builder_version=&#8221;4.25.1&#8243; _module_preset=&#8221;default&#8221; global_colors_info=&#8221;{}&#8221; theme_builder_area=&#8221;post_content&#8221;][\/et_pb_column][\/et_pb_row][\/et_pb_section][et_pb_section fb_built=&#8221;1&#8243; specialty=&#8221;on&#8221; _builder_version=&#8221;4.27.4&#8243; custom_margin=&#8221;||0px||false|false&#8221; custom_margin_tablet=&#8221;&#8221; custom_margin_phone=&#8221;||4em&#8221; custom_margin_last_edited=&#8221;on|phone&#8221; custom_padding=&#8221;||0px||false|false&#8221; global_colors_info=&#8221;{}&#8221; theme_builder_area=&#8221;post_content&#8221;][et_pb_column type=&#8221;1_2&#8243; specialty_columns=&#8221;2&#8243; _builder_version=&#8221;4.16&#8243; custom_padding=&#8221;|||&#8221; global_colors_info=&#8221;{}&#8221; parallax__hover=&#8221;off&#8221; parallax_method__hover=&#8221;on&#8221; custom_padding__hover=&#8221;|||&#8221; theme_builder_area=&#8221;post_content&#8221;][et_pb_row_inner column_structure=&#8221;1_2,1_2&#8243; make_equal=&#8221;on&#8221; disabled_on=&#8221;on|off|off&#8221; _builder_version=&#8221;4.16&#8243; max_width=&#8221;75%&#8221; global_colors_info=&#8221;{}&#8221; theme_builder_area=&#8221;post_content&#8221;][et_pb_column_inner type=&#8221;1_2&#8243; saved_specialty_column_type=&#8221;1_2&#8243; _builder_version=&#8221;4.16&#8243; custom_padding=&#8221;|||&#8221; global_colors_info=&#8221;{}&#8221; parallax__hover=&#8221;off&#8221; parallax_method__hover=&#8221;on&#8221; custom_padding__hover=&#8221;|||&#8221; theme_builder_area=&#8221;post_content&#8221;][et_pb_blurb title=&#8221;TV &amp; elokuvatuotanto&#8221; use_icon=&#8221;on&#8221; font_icon=&#8221;&#xe024;||divi||400&#8243; icon_color=&#8221;#db2782&#8243; admin_label=&#8221;Videoproduktion&#8221; module_class=&#8221;blurb-3&#8243; _builder_version=&#8221;4.27.6&#8243; _dynamic_attributes=&#8221;link_option_url&#8221; header_font=&#8221;||||||||&#8221; header_text_align=&#8221;center&#8221; header_text_color=&#8221;#db2782&#8243; header_font_size=&#8221;17px&#8221; body_font=&#8221;||||||||&#8221; custom_margin=&#8221;|-20px||-20px&#8221; filter_opacity=&#8221;40%&#8221; animation=&#8221;off&#8221; link_option_url=&#8221;@ET-DC@eyJkeW5hbWljIjp0cnVlLCJjb250ZW50IjoicG9zdF9saW5rX3VybF9wYWdlIiwic2V0dGluZ3MiOnsicG9zdF9pZCI6IjM4MCJ9fQ==@&#8221; hover_enabled=&#8221;0&#8243; global_colors_info=&#8221;{}&#8221; theme_builder_area=&#8221;post_content&#8221; sticky_enabled=&#8221;0&#8243;][\/et_pb_blurb][\/et_pb_column_inner][et_pb_column_inner type=&#8221;1_2&#8243; saved_specialty_column_type=&#8221;1_2&#8243; _builder_version=&#8221;4.16&#8243; custom_padding=&#8221;|||&#8221; global_colors_info=&#8221;{}&#8221; parallax__hover=&#8221;off&#8221; parallax_method__hover=&#8221;on&#8221; custom_padding__hover=&#8221;|||&#8221; theme_builder_area=&#8221;post_content&#8221;][et_pb_blurb title=&#8221;Monikamera- tuotanto ja suoratoisto&#8221; use_icon=&#8221;on&#8221; font_icon=&#8221;&#xe602;||divi||400&#8243; icon_color=&#8221;#db2782&#8243; admin_label=&#8221;Flerkamera- produktion &#038; streaming&#8221; _builder_version=&#8221;4.27.6&#8243; header_font=&#8221;||||||||&#8221; header_text_align=&#8221;center&#8221; header_text_color=&#8221;#db2782&#8243; header_font_size=&#8221;17px&#8221; animation=&#8221;off&#8221; global_colors_info=&#8221;{}&#8221; icon_color__hover_enabled=&#8221;on|desktop&#8221; icon_color__hover=&#8221;#db2782&#8243; theme_builder_area=&#8221;post_content&#8221;][\/et_pb_blurb][\/et_pb_column_inner][\/et_pb_row_inner][et_pb_row_inner column_structure=&#8221;1_2,1_2&#8243; make_equal=&#8221;on&#8221; disabled_on=&#8221;on|off|off&#8221; _builder_version=&#8221;4.16&#8243; max_width=&#8221;75%&#8221; global_colors_info=&#8221;{}&#8221; theme_builder_area=&#8221;post_content&#8221;][et_pb_column_inner type=&#8221;1_2&#8243; saved_specialty_column_type=&#8221;1_2&#8243; _builder_version=&#8221;4.16&#8243; custom_padding=&#8221;|||&#8221; global_colors_info=&#8221;{}&#8221; parallax__hover=&#8221;off&#8221; parallax_method__hover=&#8221;on&#8221; custom_padding__hover=&#8221;|||&#8221; theme_builder_area=&#8221;post_content&#8221;][et_pb_blurb title=&#8221;Web-suunnittelu&#8221; use_icon=&#8221;on&#8221; font_icon=&#8221;&#xe00e;||divi||400&#8243; icon_color=&#8221;#db2782&#8243; admin_label=&#8221;Webbdesign&#8221; module_class=&#8221;blurb-3&#8243; _builder_version=&#8221;4.27.6&#8243; header_font=&#8221;||||||||&#8221; header_text_align=&#8221;center&#8221; header_text_color=&#8221;#db2782&#8243; header_font_size=&#8221;17px&#8221; filter_opacity=&#8221;40%&#8221; animation=&#8221;off&#8221; link_option_url=&#8221;\/fi\/web-suunnittelu\/&#8221; global_colors_info=&#8221;{}&#8221; theme_builder_area=&#8221;post_content&#8221;][\/et_pb_blurb][\/et_pb_column_inner][et_pb_column_inner type=&#8221;1_2&#8243; saved_specialty_column_type=&#8221;1_2&#8243; _builder_version=&#8221;4.16&#8243; custom_padding=&#8221;|||&#8221; global_colors_info=&#8221;{}&#8221; parallax__hover=&#8221;off&#8221; parallax_method__hover=&#8221;on&#8221; custom_padding__hover=&#8221;|||&#8221; theme_builder_area=&#8221;post_content&#8221;][et_pb_blurb title=&#8221;Mainossuunnittelu&#8221; use_icon=&#8221;on&#8221; font_icon=&#8221;&#xe103;||divi||400&#8243; icon_color=&#8221;#db2782&#8243; admin_label=&#8221;Reklamplanering&#8221; module_class=&#8221;blurb-3&#8243; _builder_version=&#8221;4.27.6&#8243; header_font=&#8221;||||||||&#8221; header_text_align=&#8221;center&#8221; header_text_color=&#8221;#db2782&#8243; header_font_size=&#8221;17px&#8221; body_font=&#8221;||||||||&#8221; filter_opacity=&#8221;40%&#8221; animation=&#8221;off&#8221; link_option_url=&#8221;\/fi\/mainossuunnittelu\/&#8221; global_colors_info=&#8221;{}&#8221; theme_builder_area=&#8221;post_content&#8221;][\/et_pb_blurb][\/et_pb_column_inner][\/et_pb_row_inner][et_pb_row_inner column_structure=&#8221;1_2,1_2&#8243; make_equal=&#8221;on&#8221; disabled_on=&#8221;on|off|off&#8221; _builder_version=&#8221;4.16&#8243; max_width=&#8221;75%&#8221; global_colors_info=&#8221;{}&#8221; theme_builder_area=&#8221;post_content&#8221;][et_pb_column_inner type=&#8221;1_2&#8243; saved_specialty_column_type=&#8221;1_2&#8243; _builder_version=&#8221;4.16&#8243; custom_padding=&#8221;|||&#8221; global_colors_info=&#8221;{}&#8221; parallax__hover=&#8221;off&#8221; parallax_method__hover=&#8221;on&#8221; custom_padding__hover=&#8221;|||&#8221; theme_builder_area=&#8221;post_content&#8221;][et_pb_blurb title=&#8221;Valokuvaus&#8221; use_icon=&#8221;on&#8221; font_icon=&#8221;&#xe00f;||divi||400&#8243; icon_color=&#8221;#db2782&#8243; content_max_width_tablet=&#8221;&#8221; content_max_width_phone=&#8221;&#8221; content_max_width_last_edited=&#8221;on|desktop&#8221; admin_label=&#8221;Fotografering&#8221; module_class=&#8221;blurb-3&#8243; _builder_version=&#8221;4.27.6&#8243; header_font=&#8221;||||||||&#8221; header_text_align=&#8221;center&#8221; header_text_color=&#8221;#db2782&#8243; header_font_size=&#8221;17px&#8221; filter_opacity=&#8221;40%&#8221; animation=&#8221;off&#8221; link_option_url=&#8221;\/fi\/valokuvaus\/&#8221; global_colors_info=&#8221;{}&#8221; icon_color__hover_enabled=&#8221;on|desktop&#8221; icon_color__hover=&#8221;#db2782&#8243; theme_builder_area=&#8221;post_content&#8221;][\/et_pb_blurb][\/et_pb_column_inner][et_pb_column_inner type=&#8221;1_2&#8243; saved_specialty_column_type=&#8221;1_2&#8243; _builder_version=&#8221;4.16&#8243; custom_padding=&#8221;|||&#8221; global_colors_info=&#8221;{}&#8221; parallax__hover=&#8221;off&#8221; parallax_method__hover=&#8221;on&#8221; custom_padding__hover=&#8221;|||&#8221; theme_builder_area=&#8221;post_content&#8221;][\/et_pb_column_inner][\/et_pb_row_inner][\/et_pb_column][et_pb_column type=&#8221;1_2&#8243; _builder_version=&#8221;4.16&#8243; custom_padding=&#8221;|||&#8221; global_colors_info=&#8221;{}&#8221; parallax__hover=&#8221;off&#8221; parallax_method__hover=&#8221;on&#8221; custom_padding__hover=&#8221;|||&#8221; theme_builder_area=&#8221;post_content&#8221;][et_pb_text _builder_version=&#8221;4.26.0&#8243; text_font=&#8221;||||||||&#8221; header_font=&#8221;||||||||&#8221; header_text_color=&#8221;#083583&#8243; header_font_size=&#8221;35px&#8221; header_line_height=&#8221;1.3em&#8221; max_width_last_edited=&#8221;off|desktop&#8221; text_font_size_phone=&#8221;14px&#8221; text_font_size_last_edited=&#8221;off|desktop&#8221; header_font_size_tablet=&#8221;&#8221; header_font_size_phone=&#8221;29px&#8221; header_font_size_last_edited=&#8221;on|tablet&#8221; global_colors_info=&#8221;{}&#8221; theme_builder_area=&#8221;post_content&#8221;]<\/p>\n<h1>Monikameratuotanto ja live streaming palvelut (striimauspalvelu) <\/h1>\n<p>[\/et_pb_text][et_pb_text _builder_version=&#8221;4.27.6&#8243; global_colors_info=&#8221;{}&#8221; theme_builder_area=&#8221;post_content&#8221;]<\/p>\n<p><span class=\"HwtZe\" lang=\"fi\"><span class=\"jCAhz ChMk0b\"><span class=\"ryNqvb\">Jos haluat tavoittaa tapahtumallasi suuremman yleis\u00f6n \u2013 olipa kyseess\u00e4 sitten tuotelanseeraukset, avajaiset, ty\u00f6pajat, seminaarit, konferenssit, luennot, koulutukset, hallituksen ja <a href=\"https:\/\/mediawolf.fi\/fi\/lapuan-valtuusto-live\/\">valtuuston kokoukset<\/a>, poliittiset keskustelut, konsertit, teatteriesitykset, jumalanpalvelukset tai koulutapahtumat \u2013 autamme sinua jokaisessa vaiheessa.<\/span><\/span><\/span><\/p>\n<p><\/p>\n<p><span class=\"HwtZe\" lang=\"fi\"><span class=\"jCAhz ChMk0b\"><span class=\"ryNqvb\">Yksityishenkil\u00f6ille tarjoamme my\u00f6s el\u00e4m\u00e4n t\u00e4rkeiden hetkien, kuten h\u00e4iden, kasteiden ja hautajaisten, suoratoistoa.<\/span><\/span><\/span><\/p>\n<p><\/p>\n<p><span class=\"HwtZe\" lang=\"fi\"><span class=\"jCAhz ChMk0b\"><span class=\"ryNqvb\">Toimitamme ammattimaisia \u200b\u200bmonikameratuotantoja ja live-l\u00e4hetyksi\u00e4 alustojen, kuten YouTuben ja Facebookin, kautta.<\/span><\/span> <span class=\"jCAhz ChMk0b\"><span class=\"ryNqvb\">Yhteisty\u00f6kumppaneidemme kautta voimme tarjota my\u00f6s turvallisia suoratoistoratkaisuja maksumuurin takana.<\/span><\/span><\/span><\/p>\n<p>[\/et_pb_text][dsm_image_accordion image_accordion_animation_sequence=&#8221;on&#8221; ia_direction=&#8221;vertical&#8221; ia_height=&#8221;650px&#8221; use_ia_icon_font_size=&#8221;off&#8221; _builder_version=&#8221;4.27.4&#8243; _module_preset=&#8221;default&#8221; border_radii=&#8221;on|10px|10px|10px|10px&#8221; global_colors_info=&#8221;{}&#8221; theme_builder_area=&#8221;post_content&#8221;][dsm_image_accordion_child admin_title=&#8221;Bild 1&#8243; expanded_item=&#8221;on&#8221; image_accordion_src=&#8221;https:\/\/mediawolf.fi\/wp-content\/uploads\/2025\/01\/LiveStream04.jpg&#8221; use_accordion_icon=&#8221;off&#8221; _builder_version=&#8221;4.27.4&#8243; _module_preset=&#8221;default&#8221; border_width_all=&#8221;1px&#8221; border_color_all=&#8221;#FFFFFF&#8221; global_colors_info=&#8221;{}&#8221; theme_builder_area=&#8221;post_content&#8221;][\/dsm_image_accordion_child][dsm_image_accordion_child admin_title=&#8221;Bild 2&#8243; expanded_item=&#8221;on&#8221; image_accordion_src=&#8221;https:\/\/mediawolf.fi\/wp-content\/uploads\/2023\/12\/LiveStream02.jpg&#8221; use_accordion_icon=&#8221;off&#8221; ia_icon_color_tablet=&#8221;&#8221; ia_icon_color_phone=&#8221;&#8221; ia_icon_color_last_edited=&#8221;on|desktop&#8221; _builder_version=&#8221;4.27.4&#8243; _module_preset=&#8221;default&#8221; custom_margin=&#8221;||||false|false&#8221; border_width_all=&#8221;1px&#8221; border_color_all=&#8221;#FFFFFF&#8221; global_colors_info=&#8221;{}&#8221; theme_builder_area=&#8221;post_content&#8221;][\/dsm_image_accordion_child][dsm_image_accordion_child admin_title=&#8221;Bild 3&#8243; expanded_item=&#8221;on&#8221; image_accordion_src=&#8221;https:\/\/mediawolf.fi\/wp-content\/uploads\/2023\/12\/LiveStream03.jpg&#8221; _builder_version=&#8221;4.27.4&#8243; _module_preset=&#8221;default&#8221; border_width_all=&#8221;1px&#8221; border_color_all=&#8221;#FFFFFF&#8221; global_colors_info=&#8221;{}&#8221; theme_builder_area=&#8221;post_content&#8221;][\/dsm_image_accordion_child][dsm_image_accordion_child admin_title=&#8221;Bild 4&#8243; expanded_item=&#8221;on&#8221; image_accordion_src=&#8221;https:\/\/mediawolf.fi\/wp-content\/uploads\/2021\/01\/LiveStream01.jpg&#8221; use_accordion_icon=&#8221;off&#8221; _builder_version=&#8221;4.27.4&#8243; _module_preset=&#8221;default&#8221; border_width_all=&#8221;1px&#8221; border_color_all=&#8221;#FFFFFF&#8221; global_colors_info=&#8221;{}&#8221; theme_builder_area=&#8221;post_content&#8221;][\/dsm_image_accordion_child][\/dsm_image_accordion][et_pb_text _builder_version=&#8221;4.27.6&#8243; global_colors_info=&#8221;{}&#8221; theme_builder_area=&#8221;post_content&#8221;]<\/p>\n<p><span class=\"HwtZe\" lang=\"fi\"><span class=\"jCAhz ChMk0b\"><span class=\"ryNqvb\">Tarvittaessa j\u00e4lkieditoimme live-l\u00e4hetyksesi entist\u00e4 ammattimaisemman lopputuloksen saavuttamiseksi.<\/span><\/span> <span class=\"jCAhz ChMk0b\"><span class=\"ryNqvb\">Voimme poistaa taukoja ja ei-toivottuja hetki\u00e4 sek\u00e4 t\u00e4ydent\u00e4\u00e4 sit\u00e4 grafiikoilla, logoilla, teksteill\u00e4 ja parannetulla \u00e4\u00e4nell\u00e4.<\/span><\/span> <\/span><\/p>\n<p><\/p>\n<p><span class=\"HwtZe\" lang=\"fi\"><span class=\"jCAhz ChMk0b\"><span class=\"ryNqvb\">Valmis materiaali toimitetaan sujuvasti latauslinkkin\u00e4, USB-tikulla tai ladataan mille tahansa videoalustalle.<\/span><\/span> <\/span><\/p>\n<p><\/p>\n<p><span class=\"HwtZe\" lang=\"fi\"><span class=\"jCAhz ChMk0b\"><span class=\"ryNqvb\">Onko sinulla kysytt\u00e4v\u00e4\u00e4 suoratoistopalveluistamme?<\/span><\/span> <span class=\"jCAhz ChMk0b\"><span class=\"ryNqvb\"><a href=\"https:\/\/mediawolf.fi\/fi\/ota-yhteytta\/\">Ota yhteytt\u00e4<\/a> ja kerro meille ideastasi ja tarpeistasi!<\/span><\/span><\/span><\/p>\n<p>[\/et_pb_text][et_pb_text _builder_version=&#8221;4.27.6&#8243; header_2_text_color=&#8221;#083583&#8243; global_colors_info=&#8221;{}&#8221; theme_builder_area=&#8221;post_content&#8221;]<\/p>\n<h2>Suoratoistoa jo ennen Youtubea<\/h2>\n<p><\/p>\n<p>MediaWolf teki yhden ensimm\u00e4isist\u00e4 suorista l\u00e4hetyksist\u00e4\u00e4n Internetiss\u00e4 jo vuonna 2001. Tuolloin teimme historiaa tekem\u00e4ll\u00e4 Suomen Yritt\u00e4jien valtakunnallisista yritt\u00e4j\u00e4p\u00e4ivist\u00e4 heid\u00e4n ensimm\u00e4isen suoran l\u00e4hetyksen Sein\u00e4joelta.<\/p>\n<p>[\/et_pb_text][et_pb_gallery gallery_ids=&#8221;3109,3112,3115,3120,3123&#8243; show_title_and_caption=&#8221;off&#8221; _builder_version=&#8221;4.23.1&#8243; _module_preset=&#8221;default&#8221; border_radii_image=&#8221;on|10px|10px|10px|10px&#8221; global_colors_info=&#8221;{}&#8221; theme_builder_area=&#8221;post_content&#8221;][\/et_pb_gallery][et_pb_cta title=&#8221;Onko sinulla tapahtuma tai ohjelma, jonka haluat nauhoittaa tai l\u00e4hett\u00e4\u00e4 suorana verkossa?&#8221; button_url=&#8221;https:\/\/mediawolf.fi\/fi\/ota-yhteytta\/&#8221; button_text=&#8221;Pyyd\u00e4 tarjous!&#8221; _builder_version=&#8221;4.16&#8243; header_font=&#8221;||||||||&#8221; header_line_height=&#8221;1.2em&#8221; background_color=&#8221;#083583&#8243; use_background_color_gradient=&#8221;on&#8221; background_color_gradient_stops=&#8221;#083583 0%|#db2782 100%&#8221; background_color_gradient_start=&#8221;#083583&#8243; background_color_gradient_end=&#8221;#db2782&#8243; custom_button=&#8221;on&#8221; button_font=&#8221;||||||||&#8221; button_icon=&#8221;&#x4e;||divi||400&#8243; width=&#8221;100%&#8221; border_radii=&#8221;on|20px|20px|20px|20px&#8221; global_colors_info=&#8221;{}&#8221; theme_builder_area=&#8221;post_content&#8221;]<\/p>\n<p>Luomme sopivan paketin tarpeesi ja budjettisi perusteella.<\/p>\n<p>[\/et_pb_cta][\/et_pb_column][\/et_pb_section][et_pb_section fb_built=&#8221;1&#8243; _builder_version=&#8221;4.27.4&#8243; _module_preset=&#8221;default&#8221; custom_margin=&#8221;0px||0px||true|false&#8221; custom_padding=&#8221;0px||0px||true|false&#8221; global_colors_info=&#8221;{}&#8221; theme_builder_area=&#8221;post_content&#8221;][et_pb_row _builder_version=&#8221;4.27.4&#8243; _module_preset=&#8221;default&#8221; width=&#8221;100%&#8221; max_width=&#8221;2560px&#8221; global_colors_info=&#8221;{}&#8221; theme_builder_area=&#8221;post_content&#8221;][et_pb_column type=&#8221;4_4&#8243; _builder_version=&#8221;4.27.4&#8243; _module_preset=&#8221;default&#8221; global_colors_info=&#8221;{}&#8221; theme_builder_area=&#8221;post_content&#8221;][ba_logo_carousel use_nav=&#8221;off&#8221; slide_count=&#8221;4&#8243; nav_height=&#8221;48px&#8221; nav_width=&#8221;48px&#8221; nav_color=&#8221;#ffffff&#8221; icon_left=&#8221;&#xf104;||fa||900&#8243; icon_right=&#8221;&#xf105;||fa||900&#8243; logo_height=&#8221;200px&#8221; logo_width=&#8221;200px&#8221; slide_count_tablet=&#8221;4&#8243; slide_count_phone=&#8221;3&#8243; slide_count_last_edited=&#8221;on|desktop&#8221; _builder_version=&#8221;4.27.4&#8243; _module_preset=&#8221;default&#8221; custom_margin=&#8221;0px||0px||true|false&#8221; custom_padding=&#8221;0px||0px||false|false&#8221; global_colors_info=&#8221;{}&#8221; theme_builder_area=&#8221;post_content&#8221;][ba_logo_carousel_child admin_title=&#8221;Keskustaksi&#8221; logo=&#8221;https:\/\/mediawolf.fi\/wp-content\/uploads\/2023\/09\/Keskustaksi.png&#8221; brand_name=&#8221;Keskustaksi&#8221; _builder_version=&#8221;4.27.4&#8243; custom_padding=&#8221;10px|10px|10px|10px|true|true&#8221; global_colors_info=&#8221;{}&#8221; theme_builder_area=&#8221;post_content&#8221;][\/ba_logo_carousel_child][ba_logo_carousel_child admin_title=&#8221;Vetenskapskarnevalen i Vasa&#8221; logo=&#8221;https:\/\/mediawolf.fi\/wp-content\/uploads\/2025\/11\/vetenskapskarnevalen.png&#8221; brand_name=&#8221;Vaasan Tiedekarnevaalit&#8221; _builder_version=&#8221;4.27.4&#8243; custom_margin=&#8221;||||true|false&#8221; custom_padding=&#8221;10px|10px|10px|10px|true|false&#8221; global_colors_info=&#8221;{}&#8221; theme_builder_area=&#8221;post_content&#8221;][\/ba_logo_carousel_child][ba_logo_carousel_child admin_title=&#8221;Lapuan kaupunki&#8221; logo=&#8221;https:\/\/mediawolf.fi\/wp-content\/uploads\/2025\/11\/Lapua.png&#8221; brand_name=&#8221;Lapuan kaupunki&#8221; _builder_version=&#8221;4.27.4&#8243; custom_margin=&#8221;||||true|false&#8221; custom_padding=&#8221;10px|10px|10px|10px|true|false&#8221; global_colors_info=&#8221;{}&#8221; theme_builder_area=&#8221;post_content&#8221;][\/ba_logo_carousel_child][ba_logo_carousel_child admin_title=&#8221;SAMS &#8211; Samarbetsf\u00f6rbundet kring funktionshinder rf &#8221; logo=&#8221;https:\/\/mediawolf.fi\/wp-content\/uploads\/2025\/11\/Sams.png&#8221; brand_name=&#8221;SAMS &#8211; Samarbetsf\u00f6rbundet kring funktionshinder rf &#8221; _builder_version=&#8221;4.27.4&#8243; custom_margin=&#8221;||||true|false&#8221; custom_padding=&#8221;10px|10px|10px|10px|true|false&#8221; global_colors_info=&#8221;{}&#8221; theme_builder_area=&#8221;post_content&#8221;][\/ba_logo_carousel_child][ba_logo_carousel_child admin_title=&#8221;\u00d6sterbottens f\u00f6rbund &#8211; Pohjanmaan liitto&#8221; logo=&#8221;https:\/\/mediawolf.fi\/wp-content\/uploads\/2025\/11\/obotnia.png&#8221; brand_name=&#8221;\u00d6sterbottens f\u00f6rbund &#8211; Pohjanmaan liitto&#8221; _builder_version=&#8221;4.27.4&#8243; custom_margin=&#8221;||||true|false&#8221; custom_padding=&#8221;10px|10px|10px|10px|true|false&#8221; global_colors_info=&#8221;{}&#8221; theme_builder_area=&#8221;post_content&#8221;][\/ba_logo_carousel_child][\/ba_logo_carousel][\/et_pb_column][\/et_pb_row][\/et_pb_section]<\/p>\n","protected":false},"excerpt":{"rendered":"<p>Monikameratuotanto ja live streaming palvelut (striimauspalvelu) Jos haluat tavoittaa tapahtumallasi suuremman yleis\u00f6n \u2013 olipa kyseess\u00e4 sitten tuotelanseeraukset, avajaiset, ty\u00f6pajat, seminaarit, konferenssit, luennot, koulutukset, hallituksen ja valtuuston kokoukset, poliittiset keskustelut, konsertit, teatteriesitykset, jumalanpalvelukset tai koulutapahtumat \u2013 autamme sinua jokaisessa vaiheessa.Yksityishenkil\u00f6ille tarjoamme my\u00f6s el\u00e4m\u00e4n t\u00e4rkeiden hetkien, kuten h\u00e4iden, kasteiden ja hautajaisten, suoratoistoa.Toimitamme ammattimaisia \u200b\u200bmonikameratuotantoja ja live-l\u00e4hetyksi\u00e4 alustojen, [&hellip;]<\/p>\n","protected":false},"author":4,"featured_media":0,"parent":0,"menu_order":0,"comment_status":"closed","ping_status":"closed","template":"","meta":{"_et_pb_use_builder":"on","_et_pb_old_content":"","_et_gb_content_width":"","footnotes":""},"class_list":["post-3097","page","type-page","status-publish","hentry"],"_links":{"self":[{"href":"https:\/\/mediawolf.fi\/fi\/wp-json\/wp\/v2\/pages\/3097","targetHints":{"allow":["GET"]}}],"collection":[{"href":"https:\/\/mediawolf.fi\/fi\/wp-json\/wp\/v2\/pages"}],"about":[{"href":"https:\/\/mediawolf.fi\/fi\/wp-json\/wp\/v2\/types\/page"}],"author":[{"embeddable":true,"href":"https:\/\/mediawolf.fi\/fi\/wp-json\/wp\/v2\/users\/4"}],"replies":[{"embeddable":true,"href":"https:\/\/mediawolf.fi\/fi\/wp-json\/wp\/v2\/comments?post=3097"}],"version-history":[{"count":5,"href":"https:\/\/mediawolf.fi\/fi\/wp-json\/wp\/v2\/pages\/3097\/revisions"}],"predecessor-version":[{"id":6319,"href":"https:\/\/mediawolf.fi\/fi\/wp-json\/wp\/v2\/pages\/3097\/revisions\/6319"}],"wp:attachment":[{"href":"https:\/\/mediawolf.fi\/fi\/wp-json\/wp\/v2\/media?parent=3097"}],"curies":[{"name":"wp","href":"https:\/\/api.w.org\/{rel}","templated":true}]}}