{"id":4151,"date":"2023-09-01T08:16:23","date_gmt":"2023-09-01T08:16:23","guid":{"rendered":"https:\/\/mediawolf.fi\/?page_id=4151"},"modified":"2026-04-15T12:42:10","modified_gmt":"2026-04-15T12:42:10","slug":"referenssit","status":"publish","type":"page","link":"https:\/\/mediawolf.fi\/fi\/referenssit\/","title":{"rendered":"Referenssit"},"content":{"rendered":"<p>[et_pb_section fb_built=&#8221;1&#8243; fullwidth=&#8221;on&#8221; admin_label=&#8221;V\u00e4lkommmen&#8221; _builder_version=&#8221;4.20.2&#8243; custom_margin=&#8221;||0px||false|false&#8221; custom_padding=&#8221;||0px||false|false&#8221; top_divider_color=&#8221;#ffffff&#8221; top_divider_height=&#8221;80px&#8221; bottom_divider_style=&#8221;waves2&#8243; bottom_divider_color=&#8221;#ffffff&#8221; bottom_divider_height=&#8221;8vw&#8221; divi_se_set=&#8221;proparticles&#8221; divi_se_proparticles_transform=&#8221;divi_se_proparticles&#8221; divi_se_proparticles_particlescolor=&#8221;#b3b3b3&#8243; divi_se_proparticles_linescolor=&#8221;#8f8f8f&#8221; divi_se_proparticles_speed=&#8221;2&#8243; locked=&#8221;off&#8221; global_colors_info=&#8221;{}&#8221;][et_pb_fullwidth_slider _builder_version=&#8221;4.16&#8243; header_font=&#8221;||||||||&#8221; header_text_color=&#8221;#ffffff&#8221; body_font=&#8221;||||||||&#8221; body_text_color=&#8221;#ffffff&#8221; header_font_size_tablet=&#8221;&#8221; header_font_size_phone=&#8221;19px&#8221; header_font_size_last_edited=&#8221;on|phone&#8221; box_shadow_style=&#8221;preset6&#8243; box_shadow_blur=&#8221;10px&#8221; box_shadow_color=&#8221;rgba(0,0,0,0.1)&#8221; global_colors_info=&#8221;{}&#8221; button_text_size__hover_enabled=&#8221;off&#8221; button_text_size__hover=&#8221;null&#8221; button_one_text_size__hover_enabled=&#8221;off&#8221; button_one_text_size__hover=&#8221;null&#8221; button_two_text_size__hover_enabled=&#8221;off&#8221; button_two_text_size__hover=&#8221;null&#8221; button_text_color__hover_enabled=&#8221;off&#8221; button_text_color__hover=&#8221;null&#8221; button_one_text_color__hover_enabled=&#8221;off&#8221; button_one_text_color__hover=&#8221;null&#8221; button_two_text_color__hover_enabled=&#8221;off&#8221; button_two_text_color__hover=&#8221;null&#8221; button_border_width__hover_enabled=&#8221;off&#8221; button_border_width__hover=&#8221;null&#8221; button_one_border_width__hover_enabled=&#8221;off&#8221; button_one_border_width__hover=&#8221;null&#8221; button_two_border_width__hover_enabled=&#8221;off&#8221; button_two_border_width__hover=&#8221;null&#8221; button_border_color__hover_enabled=&#8221;off&#8221; button_border_color__hover=&#8221;null&#8221; button_one_border_color__hover_enabled=&#8221;off&#8221; button_one_border_color__hover=&#8221;null&#8221; button_two_border_color__hover_enabled=&#8221;off&#8221; button_two_border_color__hover=&#8221;null&#8221; button_border_radius__hover_enabled=&#8221;off&#8221; button_border_radius__hover=&#8221;null&#8221; button_one_border_radius__hover_enabled=&#8221;off&#8221; button_one_border_radius__hover=&#8221;null&#8221; button_two_border_radius__hover_enabled=&#8221;off&#8221; button_two_border_radius__hover=&#8221;null&#8221; button_letter_spacing__hover_enabled=&#8221;off&#8221; button_letter_spacing__hover=&#8221;null&#8221; button_one_letter_spacing__hover_enabled=&#8221;off&#8221; button_one_letter_spacing__hover=&#8221;null&#8221; button_two_letter_spacing__hover_enabled=&#8221;off&#8221; button_two_letter_spacing__hover=&#8221;null&#8221; button_bg_color__hover_enabled=&#8221;off&#8221; button_bg_color__hover=&#8221;null&#8221; button_one_bg_color__hover_enabled=&#8221;off&#8221; button_one_bg_color__hover=&#8221;null&#8221; button_two_bg_color__hover_enabled=&#8221;off&#8221; button_two_bg_color__hover=&#8221;null&#8221;][et_pb_slide heading=&#8221;Tervetuloa MediaWolfiin&#8221; _builder_version=&#8221;4.16&#8243; header_font=&#8221;||||||||&#8221; header_font_size=&#8221;67px&#8221; header_line_height=&#8221;1.1em&#8221; body_font=&#8221;||||||||&#8221; body_text_color=&#8221;#ffffff&#8221; body_font_size=&#8221;27px&#8221; body_line_height=&#8221;2.5em&#8221; background_color=&#8221;#ffffff&#8221; background_image=&#8221;https:\/\/mediawolf.fi\/wp-content\/uploads\/2018\/06\/StudioBG.jpg&#8221; header_font_size_tablet=&#8221;51px&#8221; header_font_size_phone=&#8221;31px&#8221; header_font_size_last_edited=&#8221;on|phone&#8221; body_font_size_tablet=&#8221;17px&#8221; body_font_size_phone=&#8221;13px&#8221; body_font_size_last_edited=&#8221;on|phone&#8221; body_line_height_tablet=&#8221;&#8221; body_line_height_phone=&#8221;&#8221; body_line_height_last_edited=&#8221;on|tablet&#8221; global_colors_info=&#8221;{}&#8221; button_text_size__hover_enabled=&#8221;off&#8221; button_one_text_size__hover_enabled=&#8221;off&#8221; button_two_text_size__hover_enabled=&#8221;off&#8221; button_text_color__hover_enabled=&#8221;off&#8221; button_one_text_color__hover_enabled=&#8221;off&#8221; button_two_text_color__hover_enabled=&#8221;off&#8221; button_border_width__hover_enabled=&#8221;off&#8221; button_one_border_width__hover_enabled=&#8221;off&#8221; button_two_border_width__hover_enabled=&#8221;off&#8221; button_border_color__hover_enabled=&#8221;off&#8221; button_one_border_color__hover_enabled=&#8221;off&#8221; button_two_border_color__hover_enabled=&#8221;off&#8221; button_border_radius__hover_enabled=&#8221;off&#8221; button_one_border_radius__hover_enabled=&#8221;off&#8221; button_two_border_radius__hover_enabled=&#8221;off&#8221; button_letter_spacing__hover_enabled=&#8221;off&#8221; button_one_letter_spacing__hover_enabled=&#8221;off&#8221; button_two_letter_spacing__hover_enabled=&#8221;off&#8221; button_bg_color__hover_enabled=&#8221;off&#8221; button_one_bg_color__hover_enabled=&#8221;off&#8221; button_two_bg_color__hover_enabled=&#8221;off&#8221; sticky_transition=&#8221;on&#8221;]<\/p>\n<p>Mediaosaamista vuodesta 2000<\/p>\n<p>[\/et_pb_slide][\/et_pb_fullwidth_slider][\/et_pb_section][et_pb_section fb_built=&#8221;1&#8243; _builder_version=&#8221;4.16&#8243; global_colors_info=&#8221;{}&#8221;][et_pb_row _builder_version=&#8221;4.16&#8243; global_colors_info=&#8221;{}&#8221;][et_pb_column type=&#8221;4_4&#8243; _builder_version=&#8221;4.16&#8243; custom_padding=&#8221;|||&#8221; global_colors_info=&#8221;{}&#8221; custom_padding__hover=&#8221;|||&#8221;][et_pb_text _builder_version=&#8221;4.27.6&#8243; header_font=&#8221;||||||||&#8221; header_text_align=&#8221;center&#8221; header_text_color=&#8221;#083583&#8243; header_font_size=&#8221;35px&#8221; custom_margin_tablet=&#8221;&#8221; custom_margin_phone=&#8221;&#8221; custom_margin_last_edited=&#8221;on|phone&#8221; custom_padding=&#8221;||&#8221; global_colors_info=&#8221;{}&#8221;]<\/p>\n<h1>Osa asiakkaistamme<\/h1>\n<p>[\/et_pb_text][\/et_pb_column][\/et_pb_row][et_pb_row disabled_on=&#8221;off|off|off&#8221; _builder_version=&#8221;4.23.1&#8243; _module_preset=&#8221;default&#8221; global_colors_info=&#8221;{}&#8221;][et_pb_column type=&#8221;4_4&#8243; _builder_version=&#8221;4.23.1&#8243; _module_preset=&#8221;default&#8221; global_colors_info=&#8221;{}&#8221;]<\/p>\n<p>[ba_logo_grid grid_gap=&#8221;10px&#8221; logo_size=&#8221;200px&#8221; column_count_tablet=&#8221;&#8221; column_count_phone=&#8221;2&#8243; column_count_last_edited=&#8221;on|phone&#8221; grid_gap_tablet=&#8221;10px&#8221; grid_gap_phone=&#8221;20px&#8221; grid_gap_last_edited=&#8221;on|phone&#8221; logo_size_tablet=&#8221;200px&#8221; logo_size_phone=&#8221;150px&#8221; logo_size_last_edited=&#8221;on|phone&#8221; _builder_version=&#8221;4.27.6&#8243; _module_preset=&#8221;default&#8221; hover_enabled=&#8221;0&#8243; global_colors_info=&#8221;{}&#8221; sticky_enabled=&#8221;0&#8243;][ba_logo_grid_child logo_url=&#8221;https:\/\/mediawolf.fi\/wp-content\/uploads\/2023\/09\/Keskustaksi.png&#8221; brand_name=&#8221;Keskustaksi&#8221; _builder_version=&#8221;4.27.4&#8243; _module_preset=&#8221;default&#8221; link_option_url=&#8221;https:\/\/keskustaksi.fi&#8221; link_option_url_new_window=&#8221;on&#8221; global_colors_info=&#8221;{}&#8221;][\/ba_logo_grid_child][ba_logo_grid_child logo_url=&#8221;https:\/\/mediawolf.fi\/wp-content\/uploads\/2025\/09\/mellana-logo.png&#8221; brand_name=&#8221;Mellan\u00e5 Plant&#8221; _builder_version=&#8221;4.27.4&#8243; _module_preset=&#8221;default&#8221; link_option_url=&#8221;https:\/\/mellanaplant.fi\/&#8221; link_option_url_new_window=&#8221;on&#8221; global_colors_info=&#8221;{}&#8221;][\/ba_logo_grid_child][ba_logo_grid_child admin_title=&#8221;Vetenskapskarnevalen&#8221; logo_url=&#8221;https:\/\/mediawolf.fi\/wp-content\/uploads\/2025\/11\/vetenskapskarnevalen.png&#8221; brand_name=&#8221;Vetenskapskarnevalen i Vasa &#8211; Vaasan Tiedekarnevaalit&#8221; _builder_version=&#8221;4.27.4&#8243; _module_preset=&#8221;default&#8221; link_option_url=&#8221;https:\/\/vetenskapskarnevalen.fi&#8221; link_option_url_new_window=&#8221;on&#8221; global_colors_info=&#8221;{}&#8221;][\/ba_logo_grid_child][ba_logo_grid_child admin_title=&#8221;Vetenskapskarnevalen&#8221; logo_url=&#8221;https:\/\/mediawolf.fi\/wp-content\/uploads\/2025\/11\/Sams.png&#8221; brand_name=&#8221;SAMS&#8221; _builder_version=&#8221;4.27.4&#8243; _module_preset=&#8221;default&#8221; link_option_url=&#8221;https:\/\/samsnet.fi\/&#8221; link_option_url_new_window=&#8221;on&#8221; global_colors_info=&#8221;{}&#8221;][\/ba_logo_grid_child][ba_logo_grid_child logo_url=&#8221;https:\/\/mediawolf.fi\/wp-content\/uploads\/2025\/11\/obotnia.png&#8221; brand_name=&#8221;\u00d6sterbottens f\u00f6rbund &#8211; Pohjanmaan liitto&#8221; _builder_version=&#8221;4.27.4&#8243; _module_preset=&#8221;default&#8221; link_option_url=&#8221;https:\/\/www.obotnia.fi&#8221; link_option_url_new_window=&#8221;on&#8221; global_colors_info=&#8221;{}&#8221;][\/ba_logo_grid_child][ba_logo_grid_child logo_url=&#8221;https:\/\/mediawolf.fi\/wp-content\/uploads\/2025\/11\/Lapua.png&#8221; brand_name=&#8221;Lapuan kaupunki&#8221; _builder_version=&#8221;4.27.4&#8243; _module_preset=&#8221;default&#8221; link_option_url=&#8221;https:\/\/lapua.fi&#8221; link_option_url_new_window=&#8221;on&#8221; global_colors_info=&#8221;{}&#8221;][\/ba_logo_grid_child][ba_logo_grid_child logo_url=&#8221;https:\/\/mediawolf.fi\/wp-content\/uploads\/2025\/09\/mikkisgrill.png&#8221; brand_name=&#8221;Mikki&#8217;s Grill&#8221; _builder_version=&#8221;4.27.4&#8243; _module_preset=&#8221;default&#8221; link_option_url=&#8221;https:\/\/mikkisgrill.fi&#8221; link_option_url_new_window=&#8221;on&#8221; global_colors_info=&#8221;{}&#8221;][\/ba_logo_grid_child][ba_logo_grid_child logo_url=&#8221;https:\/\/mediawolf.fi\/wp-content\/uploads\/2019\/03\/EP-urheiluakatemia.png&#8221; brand_name=&#8221;Etel\u00e4-Pohjanmaan Urheiluakatemia&#8221; _builder_version=&#8221;4.27.4&#8243; _module_preset=&#8221;default&#8221; link_option_url=&#8221;https:\/\/epurheiluakatemia.fi\/&#8221; link_option_url_new_window=&#8221;on&#8221; global_colors_info=&#8221;{}&#8221;][\/ba_logo_grid_child][ba_logo_grid_child logo_url=&#8221;https:\/\/mediawolf.fi\/wp-content\/uploads\/2019\/03\/VeljKeskinen.png&#8221; brand_name=&#8221;Veljekset Keskinen &#8211; Tuuri.fi&#8221; _builder_version=&#8221;4.27.4&#8243; _module_preset=&#8221;default&#8221; link_option_url=&#8221;https:\/\/tuuri.fi&#8221; link_option_url_new_window=&#8221;on&#8221; global_colors_info=&#8221;{}&#8221;][\/ba_logo_grid_child][ba_logo_grid_child logo_url=&#8221;https:\/\/mediawolf.fi\/wp-content\/uploads\/2025\/09\/Polypoint.png&#8221; brand_name=&#8221;Polypoint&#8221; _builder_version=&#8221;4.27.4&#8243; _module_preset=&#8221;default&#8221; link_option_url=&#8221;https:\/\/polypoint.fi&#8221; link_option_url_new_window=&#8221;on&#8221; global_colors_info=&#8221;{}&#8221;][\/ba_logo_grid_child][ba_logo_grid_child logo_url=&#8221;https:\/\/mediawolf.fi\/wp-content\/uploads\/2024\/06\/Lisaaloylya.png&#8221; brand_name=&#8221;Lis\u00e4\u00e4 L\u00f6yly\u00e4 Festival&#8221; _builder_version=&#8221;4.27.4&#8243; _module_preset=&#8221;default&#8221; link_option_url=&#8221;https:\/\/lisaaloylya.fi&#8221; link_option_url_new_window=&#8221;on&#8221; global_colors_info=&#8221;{}&#8221;][\/ba_logo_grid_child][ba_logo_grid_child logo_url=&#8221;https:\/\/mediawolf.fi\/wp-content\/uploads\/2026\/04\/Insidan.png&#8221; brand_name=&#8221;Korttidsterapi Insidan&#8221; _builder_version=&#8221;4.27.6&#8243; _module_preset=&#8221;default&#8221; link_option_url=&#8221;https:\/\/insidan.fi&#8221; link_option_url_new_window=&#8221;on&#8221; hover_enabled=&#8221;0&#8243; global_colors_info=&#8221;{}&#8221; alt=&#8221;Korttidsterapi Insidan&#8221; title_text=&#8221;Korttidsterapi Insidan&#8221; admin_title=&#8221;Korttidsterapi Insidan&#8221; sticky_enabled=&#8221;0&#8243;][\/ba_logo_grid_child][ba_logo_grid_child logo_url=&#8221;https:\/\/mediawolf.fi\/wp-content\/uploads\/2026\/01\/Ekoring.png&#8221; brand_name=&#8221;Ekoring&#8221; _builder_version=&#8221;4.27.5&#8243; _module_preset=&#8221;default&#8221; link_option_url=&#8221;https:\/\/ekoring.fi&#8221; link_option_url_new_window=&#8221;on&#8221; global_colors_info=&#8221;{}&#8221;][\/ba_logo_grid_child][ba_logo_grid_child logo_url=&#8221;https:\/\/mediawolf.fi\/wp-content\/uploads\/2019\/03\/Movemakers.png&#8221; brand_name=&#8221;Movemakers&#8221; _builder_version=&#8221;4.27.4&#8243; _module_preset=&#8221;default&#8221; link_option_url=&#8221;http:\/\/movemakers.fi\/&#8221; link_option_url_new_window=&#8221;on&#8221; global_colors_info=&#8221;{}&#8221;][\/ba_logo_grid_child][ba_logo_grid_child logo_url=&#8221;https:\/\/mediawolf.fi\/wp-content\/uploads\/2019\/03\/ppry.png&#8221; brand_name=&#8221;Pohjanmaan Pintaurakoitsijat&#8221; _builder_version=&#8221;4.27.4&#8243; _module_preset=&#8221;default&#8221; link_option_url=&#8221;https:\/\/ppry.fi&#8221; link_option_url_new_window=&#8221;on&#8221; global_colors_info=&#8221;{}&#8221;][\/ba_logo_grid_child][ba_logo_grid_child logo_url=&#8221;https:\/\/mediawolf.fi\/wp-content\/uploads\/2023\/12\/TanssistudioMia.png&#8221; brand_name=&#8221;Tanssistudio Mia&#8221; _builder_version=&#8221;4.27.4&#8243; _module_preset=&#8221;default&#8221; link_option_url=&#8221;https:\/\/tanssistudiomia.fi&#8221; link_option_url_new_window=&#8221;on&#8221; global_colors_info=&#8221;{}&#8221;][\/ba_logo_grid_child][ba_logo_grid_child logo_url=&#8221;https:\/\/mediawolf.fi\/wp-content\/uploads\/2021\/10\/MT-logo.png&#8221; brand_name=&#8221;Miian Toimistopalvelut&#8221; _builder_version=&#8221;4.27.4&#8243; _module_preset=&#8221;default&#8221; link_option_url=&#8221;https:\/\/miiantoimistopalvelut.fi\/&#8221; link_option_url_new_window=&#8221;on&#8221; global_colors_info=&#8221;{}&#8221;][\/ba_logo_grid_child][ba_logo_grid_child logo_url=&#8221;https:\/\/mediawolf.fi\/wp-content\/uploads\/2023\/12\/SatuMaria.png&#8221; brand_name=&#8221;Satu Maria &#8211; Jalka- ja kasvohoitola&#8221; _builder_version=&#8221;4.27.4&#8243; _module_preset=&#8221;default&#8221; link_option_url=&#8221;https:\/\/satumaria.fi\/&#8221; link_option_url_new_window=&#8221;on&#8221; global_colors_info=&#8221;{}&#8221;][\/ba_logo_grid_child][ba_logo_grid_child logo_url=&#8221;https:\/\/mediawolf.fi\/wp-content\/uploads\/2019\/03\/JP-Metsakoneurakointi.png&#8221; brand_name=&#8221;JP Mets\u00e4koneurakointi Oy&#8221; _builder_version=&#8221;4.27.4&#8243; _module_preset=&#8221;default&#8221; link_option_url=&#8221;https:\/\/metsakoneurakointi.fi\/&#8221; link_option_url_new_window=&#8221;on&#8221; global_colors_info=&#8221;{}&#8221;][\/ba_logo_grid_child][ba_logo_grid_child logo_url=&#8221;https:\/\/mediawolf.fi\/wp-content\/uploads\/2021\/10\/lappavesi.png&#8221; brand_name=&#8221;Lappavesi&#8221; _builder_version=&#8221;4.27.4&#8243; _module_preset=&#8221;default&#8221; link_option_url=&#8221;https:\/\/lappavesi.fi&#8221; link_option_url_new_window=&#8221;on&#8221; global_colors_info=&#8221;{}&#8221;][\/ba_logo_grid_child][ba_logo_grid_child logo_url=&#8221;https:\/\/mediawolf.fi\/wp-content\/uploads\/2023\/12\/EVcab-1.png&#8221; brand_name=&#8221;EVcab&#8221; _builder_version=&#8221;4.27.4&#8243; _module_preset=&#8221;default&#8221; link_option_url_new_window=&#8221;on&#8221; global_colors_info=&#8221;{}&#8221;][\/ba_logo_grid_child][ba_logo_grid_child logo_url=&#8221;https:\/\/mediawolf.fi\/wp-content\/uploads\/2019\/03\/V_Laiti.png&#8221; brand_name=&#8221;V.Laiti Oy&#8221; _builder_version=&#8221;4.27.4&#8243; _module_preset=&#8221;default&#8221; link_option_url=&#8221;http:\/\/vlaiti.fi\/&#8221; link_option_url_new_window=&#8221;on&#8221; global_colors_info=&#8221;{}&#8221;][\/ba_logo_grid_child][ba_logo_grid_child logo_url=&#8221;https:\/\/mediawolf.fi\/wp-content\/uploads\/2019\/03\/Simpsio.png&#8221; brand_name=&#8221;Simpsi\u00f6 Hiihtokeskus&#8221; _builder_version=&#8221;4.27.4&#8243; _module_preset=&#8221;default&#8221; link_option_url=&#8221;https:\/\/simpsio.com&#8221; link_option_url_new_window=&#8221;on&#8221; global_colors_info=&#8221;{}&#8221;][\/ba_logo_grid_child][ba_logo_grid_child logo_url=&#8221;https:\/\/mediawolf.fi\/wp-content\/uploads\/2019\/03\/Collection.png&#8221; brand_name=&#8221;Perint\u00e4toimisto Collection&#8221; _builder_version=&#8221;4.27.4&#8243; _module_preset=&#8221;default&#8221; link_option_url_new_window=&#8221;on&#8221; global_colors_info=&#8221;{}&#8221;][\/ba_logo_grid_child][ba_logo_grid_child logo_url=&#8221;https:\/\/mediawolf.fi\/wp-content\/uploads\/2019\/03\/Thermopolis.png&#8221; brand_name=&#8221;Thermopolis&#8221; _builder_version=&#8221;4.27.4&#8243; _module_preset=&#8221;default&#8221; link_option_url=&#8221;https:\/\/thermopolis.fi&#8221; link_option_url_new_window=&#8221;on&#8221; global_colors_info=&#8221;{}&#8221;][\/ba_logo_grid_child][ba_logo_grid_child logo_url=&#8221;https:\/\/mediawolf.fi\/wp-content\/uploads\/2021\/10\/jatevesi.png&#8221; brand_name=&#8221;Lapuan J\u00e4tevesi&#8221; _builder_version=&#8221;4.27.4&#8243; _module_preset=&#8221;default&#8221; link_option_url=&#8221;https:\/\/www.lapuanjatevesi.fi\/&#8221; link_option_url_new_window=&#8221;on&#8221; global_colors_info=&#8221;{}&#8221;][\/ba_logo_grid_child][ba_logo_grid_child logo_url=&#8221;https:\/\/mediawolf.fi\/wp-content\/uploads\/2019\/03\/Rockperry.png&#8221; brand_name=&#8221;Rockperry ReLoad&#8221; _builder_version=&#8221;4.27.4&#8243; _module_preset=&#8221;default&#8221; link_option_url_new_window=&#8221;on&#8221; global_colors_info=&#8221;{}&#8221;][\/ba_logo_grid_child][ba_logo_grid_child logo_url=&#8221;https:\/\/mediawolf.fi\/wp-content\/uploads\/2019\/03\/PizzeriaKebabElma.png&#8221; brand_name=&#8221;Pizzeria &amp; Kebab Elma&#8221; _builder_version=&#8221;4.27.4&#8243; _module_preset=&#8221;default&#8221; link_option_url=&#8221;https:\/\/pizzeriaelma.fi\/&#8221; link_option_url_new_window=&#8221;on&#8221; global_colors_info=&#8221;{}&#8221;][\/ba_logo_grid_child][ba_logo_grid_child logo_url=&#8221;https:\/\/mediawolf.fi\/wp-content\/uploads\/2019\/03\/Virkia.png&#8221; brand_name=&#8221;Lapuan Virki\u00e4&#8221; _builder_version=&#8221;4.27.4&#8243; _module_preset=&#8221;default&#8221; link_option_url=&#8221;https:\/\/www.lapuanvirkia.fi\/&#8221; link_option_url_new_window=&#8221;on&#8221; global_colors_info=&#8221;{}&#8221;][\/ba_logo_grid_child][ba_logo_grid_child logo_url=&#8221;https:\/\/mediawolf.fi\/wp-content\/uploads\/2019\/03\/Mever.png&#8221; brand_name=&#8221;Mever Oy&#8221; _builder_version=&#8221;4.27.4&#8243; _module_preset=&#8221;default&#8221; link_option_url=&#8221;https:\/\/www.mever.fi\/&#8221; link_option_url_new_window=&#8221;on&#8221; global_colors_info=&#8221;{}&#8221;][\/ba_logo_grid_child][ba_logo_grid_child logo_url=&#8221;https:\/\/mediawolf.fi\/wp-content\/uploads\/2019\/03\/SC-Research.png&#8221; brand_name=&#8221;SC-Research&#8221; _builder_version=&#8221;4.27.4&#8243; _module_preset=&#8221;default&#8221; link_option_url=&#8221;https:\/\/www.uwasa.fi\/fi\/tutkimus\/ryhmat\/sc-research&#8221; link_option_url_new_window=&#8221;on&#8221; global_colors_info=&#8221;{}&#8221;][\/ba_logo_grid_child][\/ba_logo_grid]<\/p>\n<p>[\/et_pb_column][\/et_pb_row][\/et_pb_section]<\/p>\n","protected":false},"excerpt":{"rendered":"<p>Mediaosaamista vuodesta 2000Osa asiakkaistamme<div class=\"et_pb_module ba_logo_grid ba_logo_grid_0\">\n\t\t\t\t\n\t\t\t\t\n\t\t\t\t\n\t\t\t\t\n\t\t\t\t\n\t\t\t\t\n\t\t\t\t<div class=\"et_pb_module_inner\">\n\t\t\t\t\t<div class=\"dtq-module dtq-parent dtq-logo-grid zoom_in\">\n                \n            <\/div>\n\t\t\t\t<\/div>\n\t\t\t<\/div><div class=\"ba_logo_grid_child ba_logo_grid_child_0 et_clickable ba_et_pb_module\">\n\t\t\t\t\n\t\t\t\t\n\t\t\t\t\n\t\t\t\t\n\t\t\t\t\n\t\t\t\t\n\t\t\t\t<div class=\"et_pb_module_inner\">\n\t\t\t\t\t<div class=\"dtq-module dtq-child dtq-logo-grid__item\">\n                    <div class=\"dtq-logo-grid__item__inner \" >\n\t\t\t\t\t    <img decoding=\"async\" src=\"https:\/\/mediawolf.fi\/wp-content\/uploads\/2023\/09\/Keskustaksi.png\" alt=\"Keskustaksi\"\/>\n\t\t\t\t    <\/div>\n                <\/div>\n\t\t\t\t<\/div>\n\t\t\t<\/div><div class=\"ba_logo_grid_child ba_logo_grid_child_1 et_clickable ba_et_pb_module\">\n\t\t\t\t\n\t\t\t\t\n\t\t\t\t\n\t\t\t\t\n\t\t\t\t\n\t\t\t\t\n\t\t\t\t<div class=\"et_pb_module_inner\">\n\t\t\t\t\t<div class=\"dtq-module dtq-child dtq-logo-grid__item\">\n                    <div class=\"dtq-logo-grid__item__inner \" >\n\t\t\t\t\t    <img decoding=\"async\" src=\"https:\/\/mediawolf.fi\/wp-content\/uploads\/2025\/09\/mellana-logo.png\" alt=\"Mellan\u00e5 Plant\"\/>\n\t\t\t\t    <\/div>\n                <\/div>\n\t\t\t\t<\/div>\n\t\t\t<\/div><div class=\"ba_logo_grid_child ba_logo_grid_child_2 et_clickable ba_et_pb_module\">\n\t\t\t\t\n\t\t\t\t\n\t\t\t\t\n\t\t\t\t\n\t\t\t\t\n\t\t\t\t\n\t\t\t\t<div class=\"et_pb_module_inner\">\n\t\t\t\t\t<div class=\"dtq-module dtq-child dtq-logo-grid__item\">\n                    <div class=\"dtq-logo-grid__item__inner \" >\n\t\t\t\t\t    <img decoding=\"async\" src=\"https:\/\/mediawolf.fi\/wp-content\/uploads\/2025\/11\/vetenskapskarnevalen.png\" alt=\"Vetenskapskarnevalen i Vasa - Vaasan Tiedekarnevaalit\"\/>\n\t\t\t\t    <\/div>\n                <\/div>\n\t\t\t\t<\/div>\n\t\t\t<\/div><div class=\"ba_logo_grid_child ba_logo_grid_child_3 et_clickable ba_et_pb_module\">\n\t\t\t\t\n\t\t\t\t\n\t\t\t\t\n\t\t\t\t\n\t\t\t\t\n\t\t\t\t\n\t\t\t\t<div class=\"et_pb_module_inner\">\n\t\t\t\t\t<div class=\"dtq-module dtq-child dtq-logo-grid__item\">\n                    <div class=\"dtq-logo-grid__item__inner \" >\n\t\t\t\t\t    <img decoding=\"async\" src=\"\" alt=\"&#8221;SAMS&#8221;\"\/>\n\t\t\t\t    <\/div>\n                <\/div>\n\t\t\t\t<\/div>\n\t\t\t<\/div><\/p>\n","protected":false},"author":4,"featured_media":0,"parent":0,"menu_order":0,"comment_status":"closed","ping_status":"closed","template":"","meta":{"_et_pb_use_builder":"on","_et_pb_old_content":"","_et_gb_content_width":"","footnotes":""},"class_list":["post-4151","page","type-page","status-publish","hentry"],"_links":{"self":[{"href":"https:\/\/mediawolf.fi\/fi\/wp-json\/wp\/v2\/pages\/4151","targetHints":{"allow":["GET"]}}],"collection":[{"href":"https:\/\/mediawolf.fi\/fi\/wp-json\/wp\/v2\/pages"}],"about":[{"href":"https:\/\/mediawolf.fi\/fi\/wp-json\/wp\/v2\/types\/page"}],"author":[{"embeddable":true,"href":"https:\/\/mediawolf.fi\/fi\/wp-json\/wp\/v2\/users\/4"}],"replies":[{"embeddable":true,"href":"https:\/\/mediawolf.fi\/fi\/wp-json\/wp\/v2\/comments?post=4151"}],"version-history":[{"count":5,"href":"https:\/\/mediawolf.fi\/fi\/wp-json\/wp\/v2\/pages\/4151\/revisions"}],"predecessor-version":[{"id":6221,"href":"https:\/\/mediawolf.fi\/fi\/wp-json\/wp\/v2\/pages\/4151\/revisions\/6221"}],"wp:attachment":[{"href":"https:\/\/mediawolf.fi\/fi\/wp-json\/wp\/v2\/media?parent=4151"}],"curies":[{"name":"wp","href":"https:\/\/api.w.org\/{rel}","templated":true}]}}