{"id":6065,"date":"2026-04-07T10:35:29","date_gmt":"2026-04-07T10:35:29","guid":{"rendered":"https:\/\/mediawolf.fi\/?page_id=6065"},"modified":"2026-04-08T13:39:50","modified_gmt":"2026-04-08T13:39:50","slug":"media","status":"publish","type":"page","link":"https:\/\/mediawolf.fi\/fi\/media\/","title":{"rendered":"Media"},"content":{"rendered":"<p>[et_pb_section fb_built=&#8221;1&#8243; fullwidth=&#8221;on&#8221; admin_label=&#8221;V\u00e4lkommmen&#8221; _builder_version=&#8221;4.20.2&#8243; custom_margin=&#8221;||0px||false|false&#8221; custom_padding=&#8221;||0px||false|false&#8221; top_divider_color=&#8221;#ffffff&#8221; top_divider_height=&#8221;80px&#8221; bottom_divider_style=&#8221;waves2&#8243; bottom_divider_color=&#8221;#ffffff&#8221; bottom_divider_height=&#8221;8vw&#8221; divi_se_set=&#8221;proparticles&#8221; divi_se_proparticles_transform=&#8221;divi_se_proparticles&#8221; divi_se_proparticles_particlescolor=&#8221;#b3b3b3&#8243; divi_se_proparticles_linescolor=&#8221;#8f8f8f&#8221; divi_se_proparticles_speed=&#8221;2&#8243; locked=&#8221;off&#8221; global_colors_info=&#8221;{}&#8221; theme_builder_area=&#8221;post_content&#8221;][et_pb_fullwidth_slider _builder_version=&#8221;4.16&#8243; header_font=&#8221;||||||||&#8221; header_text_color=&#8221;#ffffff&#8221; body_font=&#8221;||||||||&#8221; body_text_color=&#8221;#ffffff&#8221; header_font_size_tablet=&#8221;&#8221; header_font_size_phone=&#8221;19px&#8221; header_font_size_last_edited=&#8221;on|phone&#8221; box_shadow_style=&#8221;preset6&#8243; box_shadow_blur=&#8221;10px&#8221; box_shadow_color=&#8221;rgba(0,0,0,0.1)&#8221; global_colors_info=&#8221;{}&#8221; button_text_size__hover_enabled=&#8221;off&#8221; button_text_size__hover=&#8221;null&#8221; button_one_text_size__hover_enabled=&#8221;off&#8221; button_one_text_size__hover=&#8221;null&#8221; button_two_text_size__hover_enabled=&#8221;off&#8221; button_two_text_size__hover=&#8221;null&#8221; button_text_color__hover_enabled=&#8221;off&#8221; button_text_color__hover=&#8221;null&#8221; button_one_text_color__hover_enabled=&#8221;off&#8221; button_one_text_color__hover=&#8221;null&#8221; button_two_text_color__hover_enabled=&#8221;off&#8221; button_two_text_color__hover=&#8221;null&#8221; button_border_width__hover_enabled=&#8221;off&#8221; button_border_width__hover=&#8221;null&#8221; button_one_border_width__hover_enabled=&#8221;off&#8221; button_one_border_width__hover=&#8221;null&#8221; button_two_border_width__hover_enabled=&#8221;off&#8221; button_two_border_width__hover=&#8221;null&#8221; button_border_color__hover_enabled=&#8221;off&#8221; button_border_color__hover=&#8221;null&#8221; button_one_border_color__hover_enabled=&#8221;off&#8221; button_one_border_color__hover=&#8221;null&#8221; button_two_border_color__hover_enabled=&#8221;off&#8221; button_two_border_color__hover=&#8221;null&#8221; button_border_radius__hover_enabled=&#8221;off&#8221; button_border_radius__hover=&#8221;null&#8221; button_one_border_radius__hover_enabled=&#8221;off&#8221; button_one_border_radius__hover=&#8221;null&#8221; button_two_border_radius__hover_enabled=&#8221;off&#8221; button_two_border_radius__hover=&#8221;null&#8221; button_letter_spacing__hover_enabled=&#8221;off&#8221; button_letter_spacing__hover=&#8221;null&#8221; button_one_letter_spacing__hover_enabled=&#8221;off&#8221; button_one_letter_spacing__hover=&#8221;null&#8221; button_two_letter_spacing__hover_enabled=&#8221;off&#8221; button_two_letter_spacing__hover=&#8221;null&#8221; button_bg_color__hover_enabled=&#8221;off&#8221; button_bg_color__hover=&#8221;null&#8221; button_one_bg_color__hover_enabled=&#8221;off&#8221; button_one_bg_color__hover=&#8221;null&#8221; button_two_bg_color__hover_enabled=&#8221;off&#8221; button_two_bg_color__hover=&#8221;null&#8221; theme_builder_area=&#8221;post_content&#8221;][et_pb_slide heading=&#8221;Tervetuloa MediaWolfiin&#8221; _builder_version=&#8221;4.16&#8243; header_font=&#8221;||||||||&#8221; header_font_size=&#8221;67px&#8221; header_line_height=&#8221;1.1em&#8221; body_font=&#8221;||||||||&#8221; body_text_color=&#8221;#ffffff&#8221; body_font_size=&#8221;27px&#8221; body_line_height=&#8221;2.5em&#8221; background_color=&#8221;#ffffff&#8221; background_image=&#8221;https:\/\/mediawolf.fi\/wp-content\/uploads\/2018\/06\/StudioBG.jpg&#8221; header_font_size_tablet=&#8221;51px&#8221; header_font_size_phone=&#8221;31px&#8221; header_font_size_last_edited=&#8221;on|phone&#8221; body_font_size_tablet=&#8221;17px&#8221; body_font_size_phone=&#8221;13px&#8221; body_font_size_last_edited=&#8221;on|phone&#8221; body_line_height_tablet=&#8221;&#8221; body_line_height_phone=&#8221;&#8221; body_line_height_last_edited=&#8221;on|tablet&#8221; global_colors_info=&#8221;{}&#8221; button_text_size__hover_enabled=&#8221;off&#8221; button_one_text_size__hover_enabled=&#8221;off&#8221; button_two_text_size__hover_enabled=&#8221;off&#8221; button_text_color__hover_enabled=&#8221;off&#8221; button_one_text_color__hover_enabled=&#8221;off&#8221; button_two_text_color__hover_enabled=&#8221;off&#8221; button_border_width__hover_enabled=&#8221;off&#8221; button_one_border_width__hover_enabled=&#8221;off&#8221; button_two_border_width__hover_enabled=&#8221;off&#8221; button_border_color__hover_enabled=&#8221;off&#8221; button_one_border_color__hover_enabled=&#8221;off&#8221; button_two_border_color__hover_enabled=&#8221;off&#8221; button_border_radius__hover_enabled=&#8221;off&#8221; button_one_border_radius__hover_enabled=&#8221;off&#8221; button_two_border_radius__hover_enabled=&#8221;off&#8221; button_letter_spacing__hover_enabled=&#8221;off&#8221; button_one_letter_spacing__hover_enabled=&#8221;off&#8221; button_two_letter_spacing__hover_enabled=&#8221;off&#8221; button_bg_color__hover_enabled=&#8221;off&#8221; button_one_bg_color__hover_enabled=&#8221;off&#8221; button_two_bg_color__hover_enabled=&#8221;off&#8221; sticky_transition=&#8221;on&#8221; theme_builder_area=&#8221;post_content&#8221;]<\/p>\n<p>Mediaosaamista vuodesta 2000<\/p>\n<p>[\/et_pb_slide][\/et_pb_fullwidth_slider][\/et_pb_section][et_pb_section fb_built=&#8221;1&#8243; custom_padding_last_edited=&#8221;on|phone&#8221; _builder_version=&#8221;4.16&#8243; custom_margin=&#8221;||0px&#8221; custom_padding=&#8221;0px||0px&#8221; custom_padding_tablet=&#8221;&#8221; custom_padding_phone=&#8221;&#8221; global_colors_info=&#8221;{}&#8221; theme_builder_area=&#8221;post_content&#8221;][et_pb_row _builder_version=&#8221;4.16&#8243; global_colors_info=&#8221;{}&#8221; theme_builder_area=&#8221;post_content&#8221;][et_pb_column type=&#8221;4_4&#8243; _builder_version=&#8221;4.16&#8243; custom_padding=&#8221;|||&#8221; global_colors_info=&#8221;{}&#8221; custom_padding__hover=&#8221;|||&#8221; theme_builder_area=&#8221;post_content&#8221;][et_pb_heading title=&#8221;Mediawolf lehdist\u00f6&#8221; _builder_version=&#8221;4.27.6&#8243; _module_preset=&#8221;default&#8221; title_text_align=&#8221;center&#8221; title_text_color=&#8221;#083583&#8243; title_font_size=&#8221;35px&#8221; global_colors_info=&#8221;{}&#8221; theme_builder_area=&#8221;post_content&#8221;][\/et_pb_heading][et_pb_text _builder_version=&#8221;4.27.6&#8243; header_font=&#8221;||||||||&#8221; header_text_align=&#8221;center&#8221; header_text_color=&#8221;#083583&#8243; header_font_size=&#8221;35px&#8221; custom_margin=&#8221;||0px&#8221; header_font_size_tablet=&#8221;&#8221; header_font_size_phone=&#8221;25px&#8221; header_font_size_last_edited=&#8221;on|tablet&#8221; global_colors_info=&#8221;{}&#8221; theme_builder_area=&#8221;post_content&#8221;]<\/p>\n<p>T\u00e4\u00e4lt\u00e4 voit ladata Mediawolfin logon, kuvia ja muuta lehdist\u00f6materiaalia.<\/p>\n<p>[\/et_pb_text][et_pb_divider _builder_version=&#8221;4.27.6&#8243; _module_preset=&#8221;default&#8221; global_colors_info=&#8221;{}&#8221; theme_builder_area=&#8221;post_content&#8221;][\/et_pb_divider][et_pb_text _builder_version=&#8221;4.27.6&#8243; _module_preset=&#8221;default&#8221; text_line_height=&#8221;2.4em&#8221; hover_enabled=&#8221;0&#8243; global_colors_info=&#8221;{}&#8221; theme_builder_area=&#8221;post_content&#8221; sticky_enabled=&#8221;0&#8243;]<\/p>\n<p><a  data-e-Disable-Page-Transition=\"true\" class=\"download-link\" title=\"\" href=\"https:\/\/mediawolf.fi\/fi\/download\/6080\/?tmstv=1777345652\" rel=\"nofollow\" id=\"download-link-6080\" data-redirect=\"false\" >\n\tMediawolf logo 400x80px RGB color, PNG\t(85 latausta\t)\n<\/a>\n<br \/><a  data-e-Disable-Page-Transition=\"true\" class=\"download-link\" title=\"Versio logo1280x255\" href=\"https:\/\/mediawolf.fi\/fi\/download\/6106\/?tmstv=1777345652\" rel=\"nofollow\" id=\"download-link-6106\" data-redirect=\"false\" >\n\tMediawolf logo 1280x255px RGB color, PNG\t(72 latausta\t)\n<\/a>\n<br \/><a  data-e-Disable-Page-Transition=\"true\" class=\"download-link\" title=\"\" href=\"https:\/\/mediawolf.fi\/fi\/download\/6085\/?tmstv=1777345652\" rel=\"nofollow\" id=\"download-link-6085\" data-redirect=\"false\" >\n\tMediawolf logo CMYK, PDF\t(74 latausta\t)\n<\/a>\n<\/p>\n<p>[\/et_pb_text][\/et_pb_column][\/et_pb_row][\/et_pb_section]<\/p>\n","protected":false},"excerpt":{"rendered":"<p>Mediaosaamista vuodesta 2000T\u00e4\u00e4lt\u00e4 voit ladata Mediawolfin logon, kuvia ja muuta lehdist\u00f6materiaalia.<a  data-e-Disable-Page-Transition=\"true\" class=\"download-link\" title=\"\" href=\"https:\/\/mediawolf.fi\/fi\/download\/6080\/?tmstv=1777345654\" rel=\"nofollow\" id=\"download-link-6080\" data-redirect=\"false\" >\n\tMediawolf logo 400x80px RGB color, PNG\t(85 latausta\t)\n<\/a>\n<a  data-e-Disable-Page-Transition=\"true\" class=\"download-link\" title=\"Versio logo1280x255\" href=\"https:\/\/mediawolf.fi\/fi\/download\/6106\/?tmstv=1777345654\" rel=\"nofollow\" id=\"download-link-6106\" data-redirect=\"false\" >\n\tMediawolf logo 1280x255px RGB color, PNG\t(72 latausta\t)\n<\/a>\n<a  data-e-Disable-Page-Transition=\"true\" class=\"download-link\" title=\"\" href=\"https:\/\/mediawolf.fi\/fi\/download\/6085\/?tmstv=1777345654\" rel=\"nofollow\" id=\"download-link-6085\" data-redirect=\"false\" >\n\tMediawolf logo CMYK, PDF\t(74 latausta\t)\n<\/a>\n<\/p>\n","protected":false},"author":4,"featured_media":0,"parent":0,"menu_order":0,"comment_status":"closed","ping_status":"closed","template":"","meta":{"_et_pb_use_builder":"on","_et_pb_old_content":"","_et_gb_content_width":"","footnotes":""},"class_list":["post-6065","page","type-page","status-publish","hentry"],"_links":{"self":[{"href":"https:\/\/mediawolf.fi\/fi\/wp-json\/wp\/v2\/pages\/6065","targetHints":{"allow":["GET"]}}],"collection":[{"href":"https:\/\/mediawolf.fi\/fi\/wp-json\/wp\/v2\/pages"}],"about":[{"href":"https:\/\/mediawolf.fi\/fi\/wp-json\/wp\/v2\/types\/page"}],"author":[{"embeddable":true,"href":"https:\/\/mediawolf.fi\/fi\/wp-json\/wp\/v2\/users\/4"}],"replies":[{"embeddable":true,"href":"https:\/\/mediawolf.fi\/fi\/wp-json\/wp\/v2\/comments?post=6065"}],"version-history":[{"count":5,"href":"https:\/\/mediawolf.fi\/fi\/wp-json\/wp\/v2\/pages\/6065\/revisions"}],"predecessor-version":[{"id":6188,"href":"https:\/\/mediawolf.fi\/fi\/wp-json\/wp\/v2\/pages\/6065\/revisions\/6188"}],"wp:attachment":[{"href":"https:\/\/mediawolf.fi\/fi\/wp-json\/wp\/v2\/media?parent=6065"}],"curies":[{"name":"wp","href":"https:\/\/api.w.org\/{rel}","templated":true}]}}