{"id":839,"date":"2019-02-08T09:54:37","date_gmt":"2019-02-08T09:54:37","guid":{"rendered":"http:\/\/mediawolf.fi\/etusivu\/"},"modified":"2026-04-21T10:17:05","modified_gmt":"2026-04-21T10:17:05","slug":"etusivu","status":"publish","type":"page","link":"https:\/\/mediawolf.fi\/fi\/","title":{"rendered":"Etusivu"},"content":{"rendered":"<p>[et_pb_section fb_built=&#8221;1&#8243; next_background_color=&#8221;#FFFFFF&#8221; _builder_version=&#8221;4.27.5&#8243; _module_preset=&#8221;default&#8221; background_image=&#8221;https:\/\/mediawolf.fi\/wp-content\/uploads\/2026\/01\/FrontBG.jpg&#8221; height=&#8221;500px&#8221; height_tablet=&#8221;400px&#8221; height_phone=&#8221;200px&#8221; height_last_edited=&#8221;on|phone&#8221; max_height=&#8221;700px&#8221; max_height_tablet=&#8221;700px&#8221; max_height_phone=&#8221;700px&#8221; max_height_last_edited=&#8221;on|tablet&#8221; top_divider_flip=&#8221;vertical&#8221; bottom_divider_style=&#8221;waves2&#8243; bottom_divider_height=&#8221;50px&#8221; bottom_divider_height_tablet=&#8221;30px&#8221; bottom_divider_height_phone=&#8221;23px&#8221; bottom_divider_height_last_edited=&#8221;on|phone&#8221; divi_se_set=&#8221;proparticles&#8221; divi_se_proparticles_transform=&#8221;divi_se_proparticles&#8221; divi_se_proparticles_particlescolor=&#8221;#b3b3b3&#8243; divi_se_proparticles_linescolor=&#8221;#8f8f8f&#8221; divi_se_proparticles_speed=&#8221;2&#8243; global_colors_info=&#8221;{}&#8221; theme_builder_area=&#8221;post_content&#8221;][et_pb_row _builder_version=&#8221;4.25.1&#8243; _module_preset=&#8221;default&#8221; global_colors_info=&#8221;{}&#8221; theme_builder_area=&#8221;post_content&#8221;][et_pb_column type=&#8221;4_4&#8243; _builder_version=&#8221;4.25.1&#8243; _module_preset=&#8221;default&#8221; global_colors_info=&#8221;{}&#8221; theme_builder_area=&#8221;post_content&#8221;][ba_animated_text animated_text=&#8221;%91{%22value%22:%22N\u00e4kyvyys joka puree!%22,%22checked%22:0,%22dragID%22:-1}%93&#8243; animation_type=&#8221;tilt&#8221; tilt_in=&#8221;flash&#8221; tilt_out=&#8221;flipOutY&#8221; text_alignment=&#8221;center&#8221; animated_padding=&#8221;|0px||0px|true|false&#8221; animated_margin=&#8221;|0px|0px|0px|false|false&#8221; module_class=&#8221;slogan&#8221; _builder_version=&#8221;4.27.5&#8243; _module_preset=&#8221;default&#8221; animated_text_color=&#8221;#FFFFFF&#8221; main_font=&#8221;|700|||||||&#8221; main_text_color=&#8221;#FFFFFF&#8221; main_font_size=&#8221;100px&#8221; main_letter_spacing=&#8221;2px&#8221; main_line_height=&#8221;1.3em&#8221; custom_margin=&#8221;||||true|false&#8221; custom_padding=&#8221;8%||8%||true|false&#8221; custom_padding_tablet=&#8221;0%||0%||true|false&#8221; custom_padding_phone=&#8221;2%||2%||true|false&#8221; custom_padding_last_edited=&#8221;on|phone&#8221; main_font_size_tablet=&#8221;80px&#8221; main_font_size_phone=&#8221;40px&#8221; main_font_size_last_edited=&#8221;on|phone&#8221; main_text_shadow_style=&#8221;preset1&#8243; main_text_shadow_color=&#8221;#000000&#8243; global_colors_info=&#8221;{}&#8221; theme_builder_area=&#8221;post_content&#8221;][\/ba_animated_text][\/et_pb_column][\/et_pb_row][\/et_pb_section][et_pb_section fb_built=&#8221;1&#8243; specialty=&#8221;on&#8221; _builder_version=&#8221;4.27.4&#8243; background_color=&#8221;#FFFFFF&#8221; custom_margin_tablet=&#8221;&#8221; custom_margin_phone=&#8221;||4em|&#8221; custom_margin_last_edited=&#8221;on|phone&#8221; collapsed=&#8221;off&#8221; global_colors_info=&#8221;{}&#8221; theme_builder_area=&#8221;post_content&#8221;][et_pb_column type=&#8221;1_2&#8243; specialty_columns=&#8221;2&#8243; _builder_version=&#8221;4.16&#8243; custom_padding=&#8221;|||&#8221; global_colors_info=&#8221;{}&#8221; parallax__hover=&#8221;off&#8221; parallax_method__hover=&#8221;on&#8221; custom_padding__hover=&#8221;|||&#8221; theme_builder_area=&#8221;post_content&#8221;][et_pb_row_inner column_structure=&#8221;1_2,1_2&#8243; make_equal=&#8221;on&#8221; disabled_on=&#8221;on|off|off&#8221; _builder_version=&#8221;4.16&#8243; max_width=&#8221;75%&#8221; max_width_tablet=&#8221;100%&#8221; max_width_phone=&#8221;100%&#8221; max_width_last_edited=&#8221;on|tablet&#8221; global_colors_info=&#8221;{}&#8221; theme_builder_area=&#8221;post_content&#8221;][et_pb_column_inner type=&#8221;1_2&#8243; saved_specialty_column_type=&#8221;1_2&#8243; _builder_version=&#8221;4.16&#8243; custom_padding=&#8221;|||&#8221; global_colors_info=&#8221;{}&#8221; parallax__hover=&#8221;off&#8221; parallax_method__hover=&#8221;on&#8221; custom_padding__hover=&#8221;|||&#8221; theme_builder_area=&#8221;post_content&#8221;][et_pb_blurb title=&#8221;TV &amp; elokuvatuotanto&#8221; use_icon=&#8221;on&#8221; font_icon=&#8221;&#xe024;||divi||400&#8243; icon_color=&#8221;#db2782&#8243; disabled_on=&#8221;off|off|off&#8221; admin_label=&#8221;Filmproduktion Blurb&#8221; module_class=&#8221;blurb-3&#8243; _builder_version=&#8221;4.27.6&#8243; header_font=&#8221;||||||||&#8221; header_text_align=&#8221;center&#8221; header_font_size=&#8221;17px&#8221; custom_margin=&#8221;|-20px||-20px&#8221; filter_opacity=&#8221;40%&#8221; animation=&#8221;off&#8221; link_option_url=&#8221;@ET-DC@eyJkeW5hbWljIjp0cnVlLCJjb250ZW50IjoicG9zdF9saW5rX3VybF9wYWdlIiwic2V0dGluZ3MiOnsicG9zdF9pZCI6IjM4MCJ9fQ==@&#8221; hover_enabled=&#8221;0&#8243; global_colors_info=&#8221;{}&#8221; theme_builder_area=&#8221;post_content&#8221; _dynamic_attributes=&#8221;link_option_url&#8221; sticky_enabled=&#8221;0&#8243;][\/et_pb_blurb][\/et_pb_column_inner][et_pb_column_inner type=&#8221;1_2&#8243; saved_specialty_column_type=&#8221;1_2&#8243; _builder_version=&#8221;4.16&#8243; custom_padding=&#8221;|||&#8221; global_colors_info=&#8221;{}&#8221; parallax__hover=&#8221;off&#8221; parallax_method__hover=&#8221;on&#8221; custom_padding__hover=&#8221;|||&#8221; theme_builder_area=&#8221;post_content&#8221;][et_pb_blurb title=&#8221;Monikamera- tuotanto ja suoratoisto&#8221; use_icon=&#8221;on&#8221; font_icon=&#8221;&#xe602;||divi||400&#8243; icon_color=&#8221;#db2782&#8243; disabled_on=&#8221;off|off|off&#8221; admin_label=&#8221;Flerkamera- produktion &#038; streaming&#8221; module_class=&#8221;blurb-3&#8243; _builder_version=&#8221;4.27.6&#8243; _dynamic_attributes=&#8221;link_option_url&#8221; header_font=&#8221;||||||||&#8221; header_text_align=&#8221;center&#8221; header_font_size=&#8221;17px&#8221; filter_opacity=&#8221;40%&#8221; animation=&#8221;off&#8221; link_option_url=&#8221;@ET-DC@eyJkeW5hbWljIjp0cnVlLCJjb250ZW50IjoicG9zdF9saW5rX3VybF9wYWdlIiwic2V0dGluZ3MiOnsicG9zdF9pZCI6IjMwOTUifX0=@&#8221; global_colors_info=&#8221;{}&#8221; theme_builder_area=&#8221;post_content&#8221;][\/et_pb_blurb][\/et_pb_column_inner][\/et_pb_row_inner][et_pb_row_inner column_structure=&#8221;1_2,1_2&#8243; make_equal=&#8221;on&#8221; disabled_on=&#8221;on|off|off&#8221; _builder_version=&#8221;4.16&#8243; max_width=&#8221;75%&#8221; max_width_tablet=&#8221;100%&#8221; max_width_phone=&#8221;100%&#8221; max_width_last_edited=&#8221;on|tablet&#8221; global_colors_info=&#8221;{}&#8221; theme_builder_area=&#8221;post_content&#8221;][et_pb_column_inner type=&#8221;1_2&#8243; saved_specialty_column_type=&#8221;1_2&#8243; _builder_version=&#8221;4.16&#8243; custom_padding=&#8221;|||&#8221; global_colors_info=&#8221;{}&#8221; parallax__hover=&#8221;off&#8221; parallax_method__hover=&#8221;on&#8221; custom_padding__hover=&#8221;|||&#8221; theme_builder_area=&#8221;post_content&#8221;][et_pb_blurb title=&#8221;Web-suunnittelu&#8221; use_icon=&#8221;on&#8221; font_icon=&#8221;&#xe00e;||divi||400&#8243; icon_color=&#8221;#db2782&#8243; disabled_on=&#8221;off|off|off&#8221; admin_label=&#8221;Webbdesign&#8221; module_class=&#8221;blurb-3&#8243; _builder_version=&#8221;4.27.6&#8243; header_font=&#8221;||||||||&#8221; header_text_align=&#8221;center&#8221; header_font_size=&#8221;17px&#8221; filter_opacity=&#8221;40%&#8221; animation=&#8221;off&#8221; link_option_url=&#8221;\/fi\/web-suunnittelu\/&#8221; global_colors_info=&#8221;{}&#8221; theme_builder_area=&#8221;post_content&#8221;][\/et_pb_blurb][\/et_pb_column_inner][et_pb_column_inner type=&#8221;1_2&#8243; saved_specialty_column_type=&#8221;1_2&#8243; _builder_version=&#8221;4.16&#8243; custom_padding=&#8221;|||&#8221; global_colors_info=&#8221;{}&#8221; parallax__hover=&#8221;off&#8221; parallax_method__hover=&#8221;on&#8221; custom_padding__hover=&#8221;|||&#8221; theme_builder_area=&#8221;post_content&#8221;][et_pb_blurb title=&#8221;Mainossuunnittelu&#8221; use_icon=&#8221;on&#8221; font_icon=&#8221;&#xe103;||divi||400&#8243; icon_color=&#8221;#db2782&#8243; disabled_on=&#8221;off|off|off&#8221; admin_label=&#8221;Reklamplanering&#8221; module_class=&#8221;blurb-3&#8243; _builder_version=&#8221;4.27.6&#8243; header_font=&#8221;||||||||&#8221; header_text_align=&#8221;center&#8221; header_font_size=&#8221;17px&#8221; filter_opacity=&#8221;40%&#8221; animation=&#8221;off&#8221; link_option_url=&#8221;\/fi\/mainossuunnittelu\/&#8221; global_colors_info=&#8221;{}&#8221; theme_builder_area=&#8221;post_content&#8221;][\/et_pb_blurb][\/et_pb_column_inner][\/et_pb_row_inner][et_pb_row_inner column_structure=&#8221;1_2,1_2&#8243; make_equal=&#8221;on&#8221; disabled_on=&#8221;on|off|off&#8221; _builder_version=&#8221;4.16&#8243; max_width=&#8221;75%&#8221; max_width_tablet=&#8221;100%&#8221; max_width_phone=&#8221;100%&#8221; max_width_last_edited=&#8221;on|tablet&#8221; global_colors_info=&#8221;{}&#8221; theme_builder_area=&#8221;post_content&#8221;][et_pb_column_inner type=&#8221;1_2&#8243; saved_specialty_column_type=&#8221;1_2&#8243; _builder_version=&#8221;4.16&#8243; custom_padding=&#8221;|||&#8221; global_colors_info=&#8221;{}&#8221; parallax__hover=&#8221;off&#8221; parallax_method__hover=&#8221;on&#8221; custom_padding__hover=&#8221;|||&#8221; theme_builder_area=&#8221;post_content&#8221;][et_pb_blurb title=&#8221;Valokuvaus&#8221; use_icon=&#8221;on&#8221; font_icon=&#8221;&#xe00f;||divi||400&#8243; icon_color=&#8221;#db2782&#8243; disabled_on=&#8221;off|off|off&#8221; admin_label=&#8221;Fotografering&#8221; module_class=&#8221;blurb-3&#8243; _builder_version=&#8221;4.27.6&#8243; header_font=&#8221;||||||||&#8221; header_text_align=&#8221;center&#8221; header_font_size=&#8221;17px&#8221; filter_opacity=&#8221;40%&#8221; animation=&#8221;off&#8221; link_option_url=&#8221;\/fi\/valokuvaus\/&#8221; global_colors_info=&#8221;{}&#8221; theme_builder_area=&#8221;post_content&#8221;][\/et_pb_blurb][\/et_pb_column_inner][et_pb_column_inner type=&#8221;1_2&#8243; saved_specialty_column_type=&#8221;1_2&#8243; _builder_version=&#8221;4.16&#8243; custom_padding=&#8221;|||&#8221; global_colors_info=&#8221;{}&#8221; parallax__hover=&#8221;off&#8221; parallax_method__hover=&#8221;on&#8221; custom_padding__hover=&#8221;|||&#8221; theme_builder_area=&#8221;post_content&#8221;][\/et_pb_column_inner][\/et_pb_row_inner][\/et_pb_column][et_pb_column type=&#8221;1_2&#8243; _builder_version=&#8221;4.16&#8243; custom_padding=&#8221;|||&#8221; global_colors_info=&#8221;{}&#8221; parallax__hover=&#8221;off&#8221; parallax_method__hover=&#8221;on&#8221; custom_padding__hover=&#8221;|||&#8221; theme_builder_area=&#8221;post_content&#8221;][et_pb_text _builder_version=&#8221;4.27.6&#8243; text_font=&#8221;||||||||&#8221; header_font=&#8221;||||||||&#8221; header_text_color=&#8221;#083583&#8243; header_font_size=&#8221;35px&#8221; header_line_height=&#8221;1.3em&#8221; max_width_last_edited=&#8221;off|desktop&#8221; text_font_size_phone=&#8221;14px&#8221; text_font_size_last_edited=&#8221;off|desktop&#8221; header_font_size_tablet=&#8221;&#8221; header_font_size_phone=&#8221;29px&#8221; header_font_size_last_edited=&#8221;on|desktop&#8221; global_colors_info=&#8221;{}&#8221; theme_builder_area=&#8221;post_content&#8221;]<\/p>\n<h1>Mainostoimisto ja mediayhti\u00f6 Pohjanmaalla<\/h1>\n<p>[\/et_pb_text][et_pb_text _builder_version=&#8221;4.27.6&#8243; text_font=&#8221;||||||||&#8221; header_font=&#8221;||||||||&#8221; header_text_color=&#8221;#083583&#8243; header_font_size=&#8221;35px&#8221; header_line_height=&#8221;1.3em&#8221; header_2_text_color=&#8221;#083583&#8243; header_2_line_height=&#8221;1.4em&#8221; max_width_last_edited=&#8221;off|desktop&#8221; text_font_size_phone=&#8221;14px&#8221; text_font_size_last_edited=&#8221;off|desktop&#8221; header_font_size_tablet=&#8221;&#8221; header_font_size_phone=&#8221;29px&#8221; header_font_size_last_edited=&#8221;on|desktop&#8221; global_colors_info=&#8221;{}&#8221; theme_builder_area=&#8221;post_content&#8221;]<\/p>\n<h2>Autamme yrityksi\u00e4 olemaan n\u00e4kyv\u00e4mpi\u00e4 \u2013 digitaalisesti ja visuaalisesti.<\/h2>\n<p>[\/et_pb_text][et_pb_text _builder_version=&#8221;4.27.6&#8243; header_2_text_color=&#8221;#083583&#8243; header_2_line_height=&#8221;1.3em&#8221; header_3_text_color=&#8221;#083583&#8243; header_3_line_height=&#8221;1.3em&#8221; custom_margin=&#8221;||||false|false&#8221; custom_padding=&#8221;||||false|false&#8221; text_font_size_tablet=&#8221;17px&#8221; text_font_size_phone=&#8221;&#8221; text_font_size_last_edited=&#8221;on|desktop&#8221; global_colors_info=&#8221;{}&#8221; theme_builder_area=&#8221;post_content&#8221;]<\/p>\n<h3><a href=\"videotuotanto\">TV- ja elokuvatuotantoVideotuonato<\/a><\/h3>\n<p><\/p>\n<p>Keskitymme TV- ja elokuvatuotantoon ja luomme ammattimaisia \u200b\u200byrityselokuvia, tuote-esittelyj\u00e4 ja mainoksia, jotka sitouttavat ja vahvistavat br\u00e4ndi\u00e4si \u2013 sek\u00e4 digitaalisille kanaville ett\u00e4 televisioon sovitettuina.<\/p>\n<p><\/p>\n<h3><a href=\"monikameratuotanto-ja-suoratoistopalvelu\">Monikameratuotanto ja live streaming palvelut<\/a><\/h3>\n<p><\/p>\n<p>Haluatko tavoittaa ja sitouttaa yleis\u00f6si reaaliajassa? Tarjoamme ammattimaista monikameratuotantoa ja live-striimausta, jotka nostavat viestisi uudelle tasolle \u2013 mukautettuna alustoille, kuten YouTube, Facebook ja muut.<\/p>\n<p><\/p>\n<h3><a href=\"web-suunnittelu\">Verkkosivut<\/a><\/h3>\n<p><\/p>\n<p>Suunnittelemme ja kehit\u00e4mme responsiivisia WordPress-verkkosivustoja, jotka n\u00e4ytt\u00e4v\u00e4t ammattimaisilta kaikilla laitteilla. Voit helposti p\u00e4ivitt\u00e4\u00e4 sis\u00e4ll\u00f6n itse \u2013 tai antaa meid\u00e4n hoitaa kaiken puolestasi.<\/p>\n<p><\/p>\n<h3><a href=\"mainossuunnittelu\">Mainossuunnittelu<\/a><\/h3>\n<p><\/p>\n<p>Luomme kaikkea k\u00e4yntikorteista ja esitteist\u00e4 julisteisiin, roll-upeihin, mainoksiin ja aikakauslehtien taittoihin \u2013 aina keskittyen vahvaan suunnitteluun, joka nostaa viestisi ja br\u00e4ndisi esiin.<\/p>\n<p><\/p>\n<h3><a href=\"valokuvaus\">Valokuvaus<\/a><\/h3>\n<p><\/p>\n<p>Valokuvaamme tuotteita, ymp\u00e4rist\u00f6j\u00e4, henkil\u00f6st\u00f6\u00e4 ja tapahtumia keskittyen laatuun ja tunnelmaan. Yksityishenkil\u00f6ille tarjoamme my\u00f6s h\u00e4\u00e4kuvausta ja muita ikimuistoisia tilaisuuksia.<\/p>\n<p><\/p>\n<h3><a href=\"ota-yhteytta\">Ota yhteytt\u00e4<\/a><\/h3>\n<p><\/p>\n<p>L\u00f6yd\u00e4t meid\u00e4t Vaasasta.<\/p>\n<p>[\/et_pb_text][et_pb_blurb title=&#8221;TV &amp; elokuvatuotanto&#8221; use_icon=&#8221;on&#8221; font_icon=&#8221;&#xe024;||divi||400&#8243; icon_color=&#8221;#db2782&#8243; content_max_width_tablet=&#8221;&#8221; content_max_width_phone=&#8221;&#8221; content_max_width_last_edited=&#8221;on|phone&#8221; disabled_on=&#8221;off|on|on&#8221; admin_label=&#8221;Filmproduktion Blurb&#8221; module_class=&#8221;blurb-3&#8243; _builder_version=&#8221;4.27.6&#8243; _dynamic_attributes=&#8221;link_option_url&#8221; header_font=&#8221;||||||||&#8221; header_text_align=&#8221;center&#8221; filter_opacity=&#8221;40%&#8221; animation=&#8221;off&#8221; link_option_url=&#8221;@ET-DC@eyJkeW5hbWljIjp0cnVlLCJjb250ZW50IjoicG9zdF9saW5rX3VybF9wYWdlIiwic2V0dGluZ3MiOnsicG9zdF9pZCI6IjM4MCJ9fQ==@&#8221; hover_enabled=&#8221;0&#8243; global_colors_info=&#8221;{}&#8221; theme_builder_area=&#8221;post_content&#8221; sticky_enabled=&#8221;0&#8243;][\/et_pb_blurb][et_pb_blurb title=&#8221;Multicam Streaming&#8221; use_icon=&#8221;on&#8221; font_icon=&#8221;&#xe602;||divi||400&#8243; icon_color=&#8221;#db2782&#8243; content_max_width_tablet=&#8221;&#8221; content_max_width_phone=&#8221;&#8221; content_max_width_last_edited=&#8221;on|desktop&#8221; disabled_on=&#8221;off|on|on&#8221; admin_label=&#8221;Multicam Streaming Blurb&#8221; module_class=&#8221;blurb-3&#8243; _builder_version=&#8221;4.27.6&#8243; _dynamic_attributes=&#8221;link_option_url&#8221; header_font=&#8221;||||||||&#8221; header_text_align=&#8221;center&#8221; filter_opacity=&#8221;40%&#8221; animation=&#8221;off&#8221; link_option_url=&#8221;@ET-DC@eyJkeW5hbWljIjp0cnVlLCJjb250ZW50IjoicG9zdF9saW5rX3VybF9wYWdlIiwic2V0dGluZ3MiOnsicG9zdF9pZCI6IjMwOTUifX0=@&#8221; global_colors_info=&#8221;{}&#8221; theme_builder_area=&#8221;post_content&#8221;][\/et_pb_blurb][et_pb_blurb title=&#8221;Web-suunnittelu&#8221; use_icon=&#8221;on&#8221; font_icon=&#8221;&#xe00e;||divi||400&#8243; icon_color=&#8221;#db2782&#8243; disabled_on=&#8221;off|on|on&#8221; admin_label=&#8221;Webbdesign Blurb&#8221; module_class=&#8221;blurb-3&#8243; _builder_version=&#8221;4.27.6&#8243; header_font=&#8221;||||||||&#8221; header_text_align=&#8221;center&#8221; filter_opacity=&#8221;40%&#8221; animation=&#8221;off&#8221; link_option_url=&#8221;\/fi\/web-suunnittelu\/&#8221; global_colors_info=&#8221;{}&#8221; theme_builder_area=&#8221;post_content&#8221;][\/et_pb_blurb][et_pb_blurb title=&#8221;Mainossuunnittelu&#8221; use_icon=&#8221;on&#8221; font_icon=&#8221;&#xe103;||divi||400&#8243; icon_color=&#8221;#db2782&#8243; disabled_on=&#8221;off|on|on&#8221; admin_label=&#8221;Reklamplanering Blurb&#8221; module_class=&#8221;blurb-3&#8243; _builder_version=&#8221;4.27.6&#8243; header_font=&#8221;||||||||&#8221; header_text_align=&#8221;center&#8221; filter_opacity=&#8221;40%&#8221; animation=&#8221;off&#8221; link_option_url=&#8221;\/fi\/mainossuunnittelu\/&#8221; global_colors_info=&#8221;{}&#8221; theme_builder_area=&#8221;post_content&#8221;][\/et_pb_blurb][et_pb_blurb title=&#8221;Valokuvaus&#8221; use_icon=&#8221;on&#8221; font_icon=&#8221;&#xe00f;||divi||400&#8243; icon_color=&#8221;#db2782&#8243; content_max_width_tablet=&#8221;&#8221; content_max_width_phone=&#8221;&#8221; content_max_width_last_edited=&#8221;on|phone&#8221; disabled_on=&#8221;off|on|on&#8221; admin_label=&#8221;Fotografering Blurb&#8221; module_class=&#8221;blurb-3&#8243; _builder_version=&#8221;4.27.6&#8243; header_font=&#8221;||||||||&#8221; header_text_align=&#8221;center&#8221; filter_opacity=&#8221;40%&#8221; animation=&#8221;off&#8221; link_option_url=&#8221;\/fi\/valokuvaus\/&#8221; global_colors_info=&#8221;{}&#8221; theme_builder_area=&#8221;post_content&#8221;][\/et_pb_blurb][\/et_pb_column][\/et_pb_section][et_pb_section fb_built=&#8221;1&#8243; admin_label=&#8221;Kundomd\u00f6men&#8221; _builder_version=&#8221;4.27.5&#8243; _module_preset=&#8221;default&#8221; global_colors_info=&#8221;{}&#8221; theme_builder_area=&#8221;post_content&#8221;][et_pb_row _builder_version=&#8221;4.27.5&#8243; _module_preset=&#8221;default&#8221; global_colors_info=&#8221;{}&#8221; theme_builder_area=&#8221;post_content&#8221;][et_pb_column type=&#8221;4_4&#8243; _builder_version=&#8221;4.27.5&#8243; _module_preset=&#8221;default&#8221; global_colors_info=&#8221;{}&#8221; theme_builder_area=&#8221;post_content&#8221;][et_pb_text _builder_version=&#8221;4.27.5&#8243; _module_preset=&#8221;default&#8221; text_text_color=&#8221;#007596&#8243; header_text_color=&#8221;#007596&#8243; header_3_text_align=&#8221;center&#8221; header_3_text_color=&#8221;#007596&#8243; header_3_font_size=&#8221;34px&#8221; text_orientation=&#8221;center&#8221; global_colors_info=&#8221;{}&#8221; theme_builder_area=&#8221;post_content&#8221;]<\/p>\n<h3>Asiakasarvostelut<\/h3>\n<p><\/p>\n<p>&nbsp;<\/p>\n<p><\/p>\n<p>&nbsp;<\/p>\n<p><\/p>\n<p>&nbsp;<\/p>\n<p><\/p>\n<p>Mit\u00e4 asiakkaamme sanovat<\/p>\n<p>[\/et_pb_text][et_pb_post_slider include_categories=&#8221;41&#8243; show_more_button=&#8221;off&#8221; content_source=&#8221;on&#8221; show_meta=&#8221;off&#8221; image_placement=&#8221;left&#8221; use_bg_overlay=&#8221;off&#8221; show_image_tablet=&#8221;&#8221; show_image_phone=&#8221;&#8221; show_image_last_edited=&#8221;on|desktop&#8221; _builder_version=&#8221;4.27.5&#8243; _dynamic_attributes=&#8221;link_option_url&#8221; _module_preset=&#8221;default&#8221; header_level=&#8221;h3&#8243; header_font=&#8221;Nunito|200|||||||&#8221; header_text_color=&#8221;#FFFFFF&#8221; header_font_size=&#8221;22px&#8221; header_line_height=&#8221;1.3em&#8221; body_font=&#8221;Nunito|200|||||||&#8221; body_line_height=&#8221;1.3em&#8221; background_enable_color=&#8221;off&#8221; use_background_color_gradient=&#8221;on&#8221; background_color_gradient_stops=&#8221;#849ac1 10%|#5272a8 100%&#8221; custom_margin=&#8221;||||false|false&#8221; custom_padding=&#8221;60px||60px||true|false&#8221; link_option_url=&#8221;@ET-DC@eyJkeW5hbWljIjp0cnVlLCJjb250ZW50IjoicG9zdF9saW5rX3VybF9wb3N0Iiwic2V0dGluZ3MiOnsicG9zdF9pZCI6IjU4NzYifX0=@&#8221; custom_css_main_element=&#8221;h5 {||  font-size: 16px;||  font-weight: 100;||  line-height: 1.3em;||}&#8221; border_radii=&#8221;on|20px|20px|20px|20px&#8221; border_radii_image=&#8221;on|10px|10px|10px|10px&#8221; global_colors_info=&#8221;{}&#8221; theme_builder_area=&#8221;post_content&#8221;][\/et_pb_post_slider][\/et_pb_column][\/et_pb_row][\/et_pb_section]<\/p>\n","protected":false},"excerpt":{"rendered":"<p><div class=\"et_pb_module ba_animated_text ba_animated_text_0 slogan\">\n\t\t\t\t\n\t\t\t\t\n\t\t\t\t\n\t\t\t\t\n\t\t\t\t\n\t\t\t\t\n\t\t\t\t<div class=\"et_pb_module_inner\">\n\t\t\t\t\t<div id=\"dtq-animated-text-0\" class=\"dtq-module dtq-animated-text dtq-front\" data-settings=\"{&quot;loop&quot;:true,&quot;in&quot;:{&quot;effect&quot;:&quot;flash&quot;,&quot;delayScale&quot;:1.5,&quot;delay&quot;:50,&quot;sync&quot;:false,&quot;reverse&quot;:false,&quot;shuffle&quot;:false},&quot;out&quot;:{&quot;effect&quot;:&quot;flipOutY&quot;,&quot;delayScale&quot;:1.5,&quot;delay&quot;:50,&quot;sync&quot;:false,&quot;reverse&quot;:false,&quot;shuffle&quot;:false}}\" data-type=\"tilt\">\n\t\t\t\t<h3 class=\"dtq-animated-text-head\">\n\t\t\t\t\t <div class=\"dtq-animated-text-tilt\">\n\t\t\t\t\t<ul class=\"texts dtq-animated-text-main\"><li>N\u00e4kyvyys joka puree!<\/li><\/ul>\n\t\t\t\t<\/div> \n\t\t\t\t<\/h3>\n\t\t\t<\/div>\n\t\t\t\t<\/div>\n\t\t\t<\/div>Mainostoimisto ja mediayhti\u00f6 PohjanmaallaAutamme yrityksi\u00e4 olemaan n\u00e4kyv\u00e4mpi\u00e4 \u2013 digitaalisesti ja visuaalisesti.TV- ja elokuvatuotantoVideotuonatoKeskitymme TV- ja elokuvatuotantoon ja luomme ammattimaisia \u200b\u200byrityselokuvia, tuote-esittelyj\u00e4 ja mainoksia, jotka sitouttavat [&hellip;]<\/p>\n","protected":false},"author":4,"featured_media":0,"parent":0,"menu_order":0,"comment_status":"closed","ping_status":"closed","template":"","meta":{"_et_pb_use_builder":"on","_et_pb_old_content":"","_et_gb_content_width":"","footnotes":""},"class_list":["post-839","page","type-page","status-publish","hentry"],"_links":{"self":[{"href":"https:\/\/mediawolf.fi\/fi\/wp-json\/wp\/v2\/pages\/839","targetHints":{"allow":["GET"]}}],"collection":[{"href":"https:\/\/mediawolf.fi\/fi\/wp-json\/wp\/v2\/pages"}],"about":[{"href":"https:\/\/mediawolf.fi\/fi\/wp-json\/wp\/v2\/types\/page"}],"author":[{"embeddable":true,"href":"https:\/\/mediawolf.fi\/fi\/wp-json\/wp\/v2\/users\/4"}],"replies":[{"embeddable":true,"href":"https:\/\/mediawolf.fi\/fi\/wp-json\/wp\/v2\/comments?post=839"}],"version-history":[{"count":5,"href":"https:\/\/mediawolf.fi\/fi\/wp-json\/wp\/v2\/pages\/839\/revisions"}],"predecessor-version":[{"id":6342,"href":"https:\/\/mediawolf.fi\/fi\/wp-json\/wp\/v2\/pages\/839\/revisions\/6342"}],"wp:attachment":[{"href":"https:\/\/mediawolf.fi\/fi\/wp-json\/wp\/v2\/media?parent=839"}],"curies":[{"name":"wp","href":"https:\/\/api.w.org\/{rel}","templated":true}]}}