{"id":977,"date":"2019-02-12T12:25:37","date_gmt":"2019-02-12T12:25:37","guid":{"rendered":"http:\/\/mediawolf.fi\/videotuotanto\/"},"modified":"2026-04-21T10:17:05","modified_gmt":"2026-04-21T10:17:05","slug":"tv-elokuvatuotanto","status":"publish","type":"page","link":"https:\/\/mediawolf.fi\/fi\/tv-elokuvatuotanto\/","title":{"rendered":"TV- ja elokuvatuotanto"},"content":{"rendered":"<p>[et_pb_section fb_built=&#8221;1&#8243; next_background_color=&#8221;#ffffff&#8221; _builder_version=&#8221;4.25.1&#8243; _module_preset=&#8221;default&#8221; background_image=&#8221;https:\/\/mediawolf.fi\/wp-content\/uploads\/2018\/06\/StudioBG.jpg&#8221; height=&#8221;500px&#8221; height_tablet=&#8221;400px&#8221; height_phone=&#8221;200px&#8221; height_last_edited=&#8221;on|phone&#8221; max_height=&#8221;700px&#8221; max_height_tablet=&#8221;700px&#8221; max_height_phone=&#8221;700px&#8221; max_height_last_edited=&#8221;on|tablet&#8221; top_divider_flip=&#8221;vertical&#8221; bottom_divider_style=&#8221;waves2&#8243; bottom_divider_height=&#8221;50px&#8221; bottom_divider_height_tablet=&#8221;30px&#8221; bottom_divider_height_phone=&#8221;23px&#8221; bottom_divider_height_last_edited=&#8221;on|phone&#8221; divi_se_set=&#8221;proparticles&#8221; divi_se_proparticles_transform=&#8221;divi_se_proparticles&#8221; divi_se_proparticles_particlescolor=&#8221;#b3b3b3&#8243; divi_se_proparticles_linescolor=&#8221;#8f8f8f&#8221; divi_se_proparticles_speed=&#8221;2&#8243; locked=&#8221;off&#8221; global_colors_info=&#8221;{}&#8221; theme_builder_area=&#8221;post_content&#8221;][et_pb_row _builder_version=&#8221;4.25.1&#8243; _module_preset=&#8221;default&#8221; global_colors_info=&#8221;{}&#8221; theme_builder_area=&#8221;post_content&#8221;][et_pb_column type=&#8221;4_4&#8243; _builder_version=&#8221;4.25.1&#8243; _module_preset=&#8221;default&#8221; global_colors_info=&#8221;{}&#8221; theme_builder_area=&#8221;post_content&#8221;][\/et_pb_column][\/et_pb_row][\/et_pb_section][et_pb_section fb_built=&#8221;1&#8243; specialty=&#8221;on&#8221; _builder_version=&#8221;4.16&#8243; custom_margin=&#8221;||&#8221; custom_margin_tablet=&#8221;&#8221; custom_margin_phone=&#8221;||4em&#8221; custom_margin_last_edited=&#8221;on|phone&#8221; global_colors_info=&#8221;{}&#8221; theme_builder_area=&#8221;post_content&#8221;][et_pb_column type=&#8221;1_2&#8243; specialty_columns=&#8221;2&#8243; _builder_version=&#8221;4.16&#8243; custom_padding=&#8221;|||&#8221; global_colors_info=&#8221;{}&#8221; parallax__hover=&#8221;off&#8221; parallax_method__hover=&#8221;on&#8221; custom_padding__hover=&#8221;|||&#8221; theme_builder_area=&#8221;post_content&#8221;][et_pb_row_inner column_structure=&#8221;1_2,1_2&#8243; make_equal=&#8221;on&#8221; disabled_on=&#8221;on|off|off&#8221; _builder_version=&#8221;4.16&#8243; max_width=&#8221;75%&#8221; global_colors_info=&#8221;{}&#8221; theme_builder_area=&#8221;post_content&#8221;][et_pb_column_inner type=&#8221;1_2&#8243; saved_specialty_column_type=&#8221;1_2&#8243; _builder_version=&#8221;4.16&#8243; custom_padding=&#8221;|||&#8221; global_colors_info=&#8221;{}&#8221; parallax__hover=&#8221;off&#8221; parallax_method__hover=&#8221;on&#8221; custom_padding__hover=&#8221;|||&#8221; theme_builder_area=&#8221;post_content&#8221;][et_pb_blurb title=&#8221;TV &amp; elokuvatuotanto&#8221; use_icon=&#8221;on&#8221; font_icon=&#8221;&#xe024;||divi||400&#8243; icon_color=&#8221;#db2782&#8243; admin_label=&#8221;Videoproduktion&#8221; _builder_version=&#8221;4.27.6&#8243; header_font=&#8221;||||||||&#8221; header_text_align=&#8221;center&#8221; header_text_color=&#8221;#db2782&#8243; header_font_size=&#8221;17px&#8221; body_font=&#8221;||||||||&#8221; custom_margin=&#8221;|-20px||-20px&#8221; animation=&#8221;off&#8221; global_colors_info=&#8221;{}&#8221; theme_builder_area=&#8221;post_content&#8221;][\/et_pb_blurb][\/et_pb_column_inner][et_pb_column_inner type=&#8221;1_2&#8243; saved_specialty_column_type=&#8221;1_2&#8243; _builder_version=&#8221;4.16&#8243; custom_padding=&#8221;|||&#8221; global_colors_info=&#8221;{}&#8221; parallax__hover=&#8221;off&#8221; parallax_method__hover=&#8221;on&#8221; custom_padding__hover=&#8221;|||&#8221; theme_builder_area=&#8221;post_content&#8221;][et_pb_blurb title=&#8221; Monikamera- tuotanto ja suoratoisto&#8221; use_icon=&#8221;on&#8221; font_icon=&#8221;&#xe602;||divi||400&#8243; icon_color=&#8221;#db2782&#8243; admin_label=&#8221;Flerkamera- produktion &#038; streaming&#8221; module_class=&#8221;blurb-3&#8243; _builder_version=&#8221;4.27.6&#8243; _dynamic_attributes=&#8221;link_option_url&#8221; header_font=&#8221;||||||||&#8221; header_text_align=&#8221;center&#8221; header_text_color=&#8221;#db2782&#8243; header_font_size=&#8221;17px&#8221; filter_opacity=&#8221;40%&#8221; animation=&#8221;off&#8221; link_option_url=&#8221;@ET-DC@eyJkeW5hbWljIjp0cnVlLCJjb250ZW50IjoicG9zdF9saW5rX3VybF9wYWdlIiwic2V0dGluZ3MiOnsicG9zdF9pZCI6IjMwOTUifX0=@&#8221; global_colors_info=&#8221;{}&#8221; theme_builder_area=&#8221;post_content&#8221;][\/et_pb_blurb][\/et_pb_column_inner][\/et_pb_row_inner][et_pb_row_inner column_structure=&#8221;1_2,1_2&#8243; make_equal=&#8221;on&#8221; disabled_on=&#8221;on|off|off&#8221; _builder_version=&#8221;4.16&#8243; max_width=&#8221;75%&#8221; global_colors_info=&#8221;{}&#8221; theme_builder_area=&#8221;post_content&#8221;][et_pb_column_inner type=&#8221;1_2&#8243; saved_specialty_column_type=&#8221;1_2&#8243; _builder_version=&#8221;4.16&#8243; custom_padding=&#8221;|||&#8221; global_colors_info=&#8221;{}&#8221; parallax__hover=&#8221;off&#8221; parallax_method__hover=&#8221;on&#8221; custom_padding__hover=&#8221;|||&#8221; theme_builder_area=&#8221;post_content&#8221;][et_pb_blurb title=&#8221;Web-suunnittelu&#8221; use_icon=&#8221;on&#8221; font_icon=&#8221;&#xe00e;||divi||400&#8243; icon_color=&#8221;#db2782&#8243; admin_label=&#8221;Webbdesign&#8221; module_class=&#8221;blurb-3&#8243; _builder_version=&#8221;4.27.6&#8243; header_font=&#8221;||||||||&#8221; header_text_align=&#8221;center&#8221; header_text_color=&#8221;#db2782&#8243; header_font_size=&#8221;17px&#8221; filter_opacity=&#8221;40%&#8221; animation=&#8221;off&#8221; link_option_url=&#8221;\/fi\/web-suunnittelu\/&#8221; global_colors_info=&#8221;{}&#8221; theme_builder_area=&#8221;post_content&#8221;][\/et_pb_blurb][\/et_pb_column_inner][et_pb_column_inner type=&#8221;1_2&#8243; saved_specialty_column_type=&#8221;1_2&#8243; _builder_version=&#8221;4.16&#8243; custom_padding=&#8221;|||&#8221; global_colors_info=&#8221;{}&#8221; parallax__hover=&#8221;off&#8221; parallax_method__hover=&#8221;on&#8221; custom_padding__hover=&#8221;|||&#8221; theme_builder_area=&#8221;post_content&#8221;][et_pb_blurb title=&#8221;Mainossuunnittelu&#8221; use_icon=&#8221;on&#8221; font_icon=&#8221;&#xe103;||divi||400&#8243; icon_color=&#8221;#db2782&#8243; admin_label=&#8221;Reklamplanering&#8221; module_class=&#8221;blurb-3&#8243; _builder_version=&#8221;4.27.6&#8243; header_font=&#8221;||||||||&#8221; header_text_align=&#8221;center&#8221; header_text_color=&#8221;#db2782&#8243; header_font_size=&#8221;17px&#8221; body_font=&#8221;||||||||&#8221; filter_opacity=&#8221;40%&#8221; animation=&#8221;off&#8221; link_option_url=&#8221;\/fi\/mainossuunnittelu\/&#8221; global_colors_info=&#8221;{}&#8221; theme_builder_area=&#8221;post_content&#8221;][\/et_pb_blurb][\/et_pb_column_inner][\/et_pb_row_inner][et_pb_row_inner column_structure=&#8221;1_2,1_2&#8243; make_equal=&#8221;on&#8221; disabled_on=&#8221;on|off|off&#8221; _builder_version=&#8221;4.16&#8243; max_width=&#8221;75%&#8221; global_colors_info=&#8221;{}&#8221; theme_builder_area=&#8221;post_content&#8221;][et_pb_column_inner type=&#8221;1_2&#8243; saved_specialty_column_type=&#8221;1_2&#8243; _builder_version=&#8221;4.16&#8243; custom_padding=&#8221;|||&#8221; global_colors_info=&#8221;{}&#8221; parallax__hover=&#8221;off&#8221; parallax_method__hover=&#8221;on&#8221; custom_padding__hover=&#8221;|||&#8221; theme_builder_area=&#8221;post_content&#8221;][et_pb_blurb title=&#8221;Valokuvaus&#8221; use_icon=&#8221;on&#8221; font_icon=&#8221;&#xe00f;||divi||400&#8243; icon_color=&#8221;#db2782&#8243; admin_label=&#8221;Fotografering&#8221; module_class=&#8221;blurb-3&#8243; _builder_version=&#8221;4.27.6&#8243; header_font=&#8221;||||||||&#8221; header_text_align=&#8221;center&#8221; header_text_color=&#8221;#db2782&#8243; header_font_size=&#8221;17px&#8221; filter_opacity=&#8221;40%&#8221; animation=&#8221;off&#8221; link_option_url=&#8221;\/fi\/valokuvaus\/&#8221; global_colors_info=&#8221;{}&#8221; theme_builder_area=&#8221;post_content&#8221;][\/et_pb_blurb][\/et_pb_column_inner][et_pb_column_inner type=&#8221;1_2&#8243; saved_specialty_column_type=&#8221;1_2&#8243; _builder_version=&#8221;4.16&#8243; custom_padding=&#8221;|||&#8221; global_colors_info=&#8221;{}&#8221; parallax__hover=&#8221;off&#8221; parallax_method__hover=&#8221;on&#8221; custom_padding__hover=&#8221;|||&#8221; theme_builder_area=&#8221;post_content&#8221;][\/et_pb_column_inner][\/et_pb_row_inner][\/et_pb_column][et_pb_column type=&#8221;1_2&#8243; _builder_version=&#8221;4.16&#8243; custom_padding=&#8221;|||&#8221; global_colors_info=&#8221;{}&#8221; parallax__hover=&#8221;off&#8221; parallax_method__hover=&#8221;on&#8221; custom_padding__hover=&#8221;|||&#8221; theme_builder_area=&#8221;post_content&#8221;][et_pb_heading title=&#8221;TV- ja elokuvatuotanto sek\u00e4 video- ja editointipalvelut&#8221; _builder_version=&#8221;4.27.6&#8243; _module_preset=&#8221;default&#8221; title_text_color=&#8221;#083583&#8243; title_font_size=&#8221;35px&#8221; title_line_height=&#8221;1.3em&#8221; global_colors_info=&#8221;{}&#8221; theme_builder_area=&#8221;post_content&#8221;][\/et_pb_heading][et_pb_text _builder_version=&#8221;4.27.6&#8243; hover_enabled=&#8221;0&#8243; global_colors_info=&#8221;{}&#8221; theme_builder_area=&#8221;post_content&#8221; sticky_enabled=&#8221;0&#8243;]<\/p>\n<p>Video on tehokas tapa mainostaa tuotettasi tai yrityst\u00e4si. Me huolehdimme koko prosessista \u2013 ideoinnista ja suunnittelusta tallennukseen, j\u00e4lkituotantoon ja toimitukseen. TV- ja elokuvatuotantoyrityksen\u00e4 varmistamme korkeimman laadun jokaisessa vaiheessa, olipa kyseess\u00e4 sitten mainos, yritysvideo tai laajemmat tuotannot.<\/p>\n<p><\/p>\n<p>Tarjoamme my\u00f6s <a href=\"https:\/\/mediawolf.fi\/fi\/monikameratuotanto-ja-suoratoistopalvelu\/\">monikameratuotantoa<\/a>, ammattimaista \u00e4\u00e4nentoistoa ja valaistusta sek\u00e4 edistynytt\u00e4 editointia. Tarjoamme my\u00f6s <a href=\"https:\/\/mediawolf.fi\/fi\/monikameratuotanto-ja-suoratoistopalvelu\/\">live-striimausta ja -l\u00e4hetyst\u00e4<\/a> tapahtumistasi, kuten tuotelanseerauksista, seminaareista ja koulutuksista, t\u00e4ysin r\u00e4\u00e4t\u00e4l\u00f6ityn\u00e4 tarpeidesi ja yleis\u00f6si alustojen, kuten YouTuben ja Facebookin, mukaan.<\/p>\n<p><\/p>\n<p><a href=\"https:\/\/mediawolf.fi\/fi\/ota-yhteytta\/\">Ota yhteytt\u00e4<\/a>\u00a0ja kerro meille ideastasi ja tarpeistasi, niin l\u00f6yd\u00e4mme ratkaisun yhdess\u00e4.<\/p>\n<p>[\/et_pb_text][\/et_pb_column][\/et_pb_section]<\/p>\n","protected":false},"excerpt":{"rendered":"<p>Video on tehokas tapa mainostaa tuotettasi tai yrityst\u00e4si. Me huolehdimme koko prosessista \u2013 ideoinnista ja suunnittelusta tallennukseen, j\u00e4lkituotantoon ja toimitukseen. TV- ja elokuvatuotantoyrityksen\u00e4 varmistamme korkeimman laadun jokaisessa vaiheessa, olipa kyseess\u00e4 sitten mainos, yritysvideo tai laajemmat tuotannot.Tarjoamme my\u00f6s monikameratuotantoa, ammattimaista \u00e4\u00e4nentoistoa ja valaistusta sek\u00e4 edistynytt\u00e4 editointia. Tarjoamme my\u00f6s live-striimausta ja -l\u00e4hetyst\u00e4 tapahtumistasi, kuten tuotelanseerauksista, seminaareista ja [&hellip;]<\/p>\n","protected":false},"author":4,"featured_media":0,"parent":0,"menu_order":0,"comment_status":"closed","ping_status":"closed","template":"","meta":{"_et_pb_use_builder":"on","_et_pb_old_content":"","_et_gb_content_width":"","footnotes":""},"class_list":["post-977","page","type-page","status-publish","hentry"],"_links":{"self":[{"href":"https:\/\/mediawolf.fi\/fi\/wp-json\/wp\/v2\/pages\/977","targetHints":{"allow":["GET"]}}],"collection":[{"href":"https:\/\/mediawolf.fi\/fi\/wp-json\/wp\/v2\/pages"}],"about":[{"href":"https:\/\/mediawolf.fi\/fi\/wp-json\/wp\/v2\/types\/page"}],"author":[{"embeddable":true,"href":"https:\/\/mediawolf.fi\/fi\/wp-json\/wp\/v2\/users\/4"}],"replies":[{"embeddable":true,"href":"https:\/\/mediawolf.fi\/fi\/wp-json\/wp\/v2\/comments?post=977"}],"version-history":[{"count":5,"href":"https:\/\/mediawolf.fi\/fi\/wp-json\/wp\/v2\/pages\/977\/revisions"}],"predecessor-version":[{"id":6328,"href":"https:\/\/mediawolf.fi\/fi\/wp-json\/wp\/v2\/pages\/977\/revisions\/6328"}],"wp:attachment":[{"href":"https:\/\/mediawolf.fi\/fi\/wp-json\/wp\/v2\/media?parent=977"}],"curies":[{"name":"wp","href":"https:\/\/api.w.org\/{rel}","templated":true}]}}