{"id":994,"date":"2019-02-12T13:53:23","date_gmt":"2019-02-12T13:53:23","guid":{"rendered":"http:\/\/mediawolf.fi\/evasteet\/"},"modified":"2025-12-29T12:30:05","modified_gmt":"2025-12-29T12:30:05","slug":"evasteet","status":"publish","type":"page","link":"https:\/\/mediawolf.fi\/fi\/evasteet\/","title":{"rendered":"Ev\u00e4steet"},"content":{"rendered":"<p>[et_pb_section fb_built=&#8221;1&#8243; _builder_version=&#8221;4.16&#8243; global_colors_info=&#8221;{}&#8221;][et_pb_row column_structure=&#8221;1_2,1_2&#8243; _builder_version=&#8221;4.16&#8243; background_size=&#8221;initial&#8221; background_position=&#8221;top_left&#8221; background_repeat=&#8221;repeat&#8221; global_colors_info=&#8221;{}&#8221;][et_pb_column type=&#8221;1_2&#8243; _builder_version=&#8221;4.16&#8243; custom_padding=&#8221;|||&#8221; global_colors_info=&#8221;{}&#8221; custom_padding__hover=&#8221;|||&#8221;][et_pb_text _builder_version=&#8221;4.27.5&#8243; text_font=&#8221;||||||||&#8221; header_font=&#8221;||||||||&#8221; header_text_align=&#8221;center&#8221; header_text_color=&#8221;#083583&#8243; header_font_size=&#8221;40px&#8221; header_line_height=&#8221;1.3em&#8221; header_3_font=&#8221;||||||||&#8221; header_4_font=&#8221;||||||||&#8221; header_5_font=&#8221;||||||||&#8221; max_width_last_edited=&#8221;off|desktop&#8221; animation_style=&#8221;fade&#8221; animation_duration=&#8221;1600ms&#8221; animation_delay=&#8221;1000ms&#8221; hover_enabled=&#8221;0&#8243; text_font_size_phone=&#8221;14px&#8221; text_font_size_last_edited=&#8221;off|desktop&#8221; header_font_size_tablet=&#8221;&#8221; header_font_size_phone=&#8221;32px&#8221; header_font_size_last_edited=&#8221;on|desktop&#8221; global_colors_info=&#8221;{}&#8221; sticky_enabled=&#8221;0&#8243;]<\/p>\n<h1>Mediawolfin verkkosivusto k\u00e4ytt\u00e4\u00e4 ev\u00e4steit\u00e4 k\u00e4ytt\u00e4jien kokemusten parantamiseksi ja tilastojen ker\u00e4\u00e4miseksi sivustollamme.<\/h1>\n<p><\/p>\n<h1>\u00a0<\/h1>\n<p><\/p>\n<p>&nbsp;<\/p>\n<p><\/p>\n<h1>Haluamme olla kilttej\u00e4, joten annamme sinulle mahdollisuuden sammuttaa <a class=\"gaoo-opt-out google-analytics-opt-out\" href=\"javascript:gaoop_analytics_optout();\"> Google Analytics napsauttamalla t\u00e4st\u00e4 <\/a> \ud83d\ude42<\/h1>\n<p>[\/et_pb_text][\/et_pb_column][et_pb_column type=&#8221;1_2&#8243; _builder_version=&#8221;4.16&#8243; custom_padding=&#8221;|||&#8221; global_colors_info=&#8221;{}&#8221; custom_padding__hover=&#8221;|||&#8221;][et_pb_text _builder_version=&#8221;4.16&#8243; global_colors_info=&#8221;{}&#8221;]<strong>Ev\u00e4steiden k\u00e4ytt\u00f6<\/strong><\/p>\n<p>Media-Wolf.fi -sivustolla k\u00e4ytet\u00e4\u00e4n ev\u00e4steit\u00e4 k\u00e4ytt\u00e4j\u00e4kokemuksen parantamiseksi.<\/p>\n<p>Ev\u00e4ste (cookie) on pieni tekstitiedosto, joka tallennetaan tilap\u00e4isesti k\u00e4ytt\u00e4j\u00e4n kiintolevylle. Ev\u00e4steit\u00e4 k\u00e4ytet\u00e4\u00e4n l\u00e4hes kaikilla verkkosivustoilla, eiv\u00e4tk\u00e4 sivustot v\u00e4ltt\u00e4m\u00e4tt\u00e4 toimi kunnolla ilman ev\u00e4steit\u00e4.<\/p>\n<p>Ev\u00e4ste sis\u00e4lt\u00e4\u00e4 satunnaisesti luodun yksil\u00f6iv\u00e4n tunnuksen, jonka avulla voimme tunnistaa tietokoneesi ja ker\u00e4t\u00e4 tietoa siit\u00e4, mit\u00e4 sivuja ja toimintoja selaimellasi k\u00e4yt\u00e4t.<\/p>\n<p><strong>Ev\u00e4steet ja tilastointi<\/strong><\/p>\n<p>K\u00e4yt\u00e4mme <a href=\"https:\/\/marketingplatform.google.com\/about\/analytics\/\" target=\"_blank\" rel=\"noopener\">Google Analytics<\/a> -ohjelmaa ker\u00e4t\u00e4ksemme tietoja siit\u00e4, miten sivustoa k\u00e4ytet\u00e4\u00e4n. Tietojen avulla pyrimme saamaan k\u00e4sityksen siit\u00e4, mit\u00e4 sivuston k\u00e4ytt\u00e4j\u00e4t haluavat ja miten voimme parhaiten antaa k\u00e4ytt\u00e4jille heid\u00e4n tarvitsemiaan tietoja.<\/p>\n<p>Emme anna mit\u00e4\u00e4n tietojasi Google Analyticsist\u00e4 kenellek\u00e4\u00e4n muulle, emmek\u00e4 tallenna Google Analytics -tietojasi offline-tilassa.<\/p>\n<p>Voit tutustua <a href=\"https:\/\/policies.google.com\/privacy\" target=\"_blank\" rel=\"noopener\">Google Analyticsin tietosuojak\u00e4yt\u00e4nt\u00f6ihin t\u00e4\u00e4ll\u00e4<\/a> ja poistaa Google Analyticsin kokonaan k\u00e4yt\u00f6st\u00e4 <a class=\"gaoo-opt-out google-analytics-opt-out\" href=\"javascript:gaoop_analytics_optout();\">klikkamaalla t\u00e4st\u00e4.<\/a><\/p>\n<p><strong>Facebook, Twitter, Instagram, Youtube ja muut<\/strong><\/p>\n<p>Kuten l\u00e4hes jokainen verkkosivusto, mekin k\u00e4yt\u00e4mme sosiaalisen median ev\u00e4steit\u00e4 Facebookista, Twitterist\u00e4, Instagramista, Youtubesta ym.<\/p>\n<p>Kuitenkin, jos olet kirjautunut ulos Facebookista, Twitterist\u00e4, Instagramista, Youtubesta tai muista, he eiv\u00e4t saa henkil\u00f6kohtaisia tietoja sinusta. Ja koska siin\u00e4 ei ole henkil\u00f6kohtaisia tietojasi, emme mek\u00e4\u00e4n nimenomaisesti pyyd\u00e4 k\u00e4ytt\u00e4\u00e4 niit\u00e4.<\/p>\n<p>Kun olet kirjautuneena Facebookiin, Twitteriin, Instagramiin, Youtubeen ja vastaaviin palveluihin, he tiet\u00e4v\u00e4t, kun vierailet MEDIAWOLF.FI: ss\u00e4, sek\u00e4 muilla sivustoilla, jotka k\u00e4ytt\u00e4v\u00e4t my\u00f6s heid\u00e4n palveluitaan. Hyv\u00e4ksyt t\u00e4m\u00e4n, kun kirjaudut sis\u00e4\u00e4n Facebookiin, Twitteriin, Instagramiin, Youtubeen tai Googleen ja siell\u00e4 on henkil\u00f6it\u00e4, joilla on henkil\u00f6kohtaisia tietojasi. Me emme voi n\u00e4hd\u00e4 niit\u00e4.<\/p>\n<p><strong>Tawk.to chat-j\u00e4rjestelm\u00e4<\/strong><\/p>\n<p>K\u00e4yt\u00e4mme my\u00f6s tawk.to-online-chat-j\u00e4rjestelm\u00e4\u00e4 reaaliaikaisessa vuorovaikutuksessa. Lue heid\u00e4n <a href=\"https:\/\/www.tawk.to\/privacy-policy\/\" target=\"_blank\" rel=\"noopener\">tietosuojak\u00e4yt\u00e4nt\u00f6<\/a> ja <a href=\"https:\/\/www.tawk.to\/data-protection\/gdpr\/\" target=\"_blank\" rel=\"noopener\">GDPR-tiedot<\/a> (englanniksi).<\/p>\n<p><strong>Ev\u00e4steiden est\u00e4minen ja poistaminen<\/strong><\/p>\n<p>Voit est\u00e4\u00e4 ev\u00e4steiden k\u00e4yt\u00f6n tietokoneellasi muuttamalla selaimesi asetuksia. Asetusten sijainti riippuu selaimesta. Kannattaa kuitenkin ottaa huomioon, ett\u00e4 monet toiminnot ja palvelut edellytt\u00e4v\u00e4t, ett\u00e4 verkkosivusto tallentaa tekem\u00e4si valinnat. Jos est\u00e4t ev\u00e4steet, et v\u00e4ltt\u00e4m\u00e4tt\u00e4 voi k\u00e4ytt\u00e4\u00e4 kaikkia toimintoja ja palveluja.<\/p>\n<p>Kaikissa selaimissa ev\u00e4steet voi poistaa yksitellen tai yhdell\u00e4 kertaa. Poistotoiminnon sijainti riippuu selaimesta. Alla olevista linkeist\u00e4 saat ohjeita oman selaimesi asetuksista. Jos k\u00e4yt\u00e4t useampaa eri selainta, muista poistaa ev\u00e4steet kaikista.<\/p>\n<p><a class=\"linklist_item\" href=\"https:\/\/support.microsoft.com\/fi-fi\/help\/4027947\/windows-delete-cookies\" target=\"_blank\" rel=\"noopener\">Ev\u00e4steiden poistaminen \/ Microsoft Edge<\/a><\/p>\n<p><a class=\"linklist_item\" href=\"https:\/\/support.google.com\/chrome\/answer\/95647?hl=fi\" target=\"_blank\" rel=\"noopener\">Ev\u00e4steiden poistaminen \/ Google Chrome<\/a><\/p>\n<p><a class=\"linklist_item\" href=\"https:\/\/support.mozilla.org\/fi\/kb\/evasteiden-paalle-ja-poiskytkeminen\" target=\"_blank\" rel=\"noopener\">Ev\u00e4steiden poistaminen \/ Mozilla Firefox<\/a><\/p>\n<p><a href=\"https:\/\/help.opera.com\/en\/latest\/web-preferences\/#cookies\" target=\"_blank\" rel=\"noopener\">Ev\u00e4steiden poistaminen \/ Opera<\/a>[\/et_pb_text][\/et_pb_column][\/et_pb_row][\/et_pb_section]<\/p>\n","protected":false},"excerpt":{"rendered":"<p>Mediawolfin verkkosivusto k\u00e4ytt\u00e4\u00e4 ev\u00e4steit\u00e4 k\u00e4ytt\u00e4jien kokemusten parantamiseksi ja tilastojen ker\u00e4\u00e4miseksi sivustollamme.\u00a0&nbsp;Haluamme olla kilttej\u00e4, joten annamme sinulle mahdollisuuden sammuttaa <a class=\"gaoo-opt-out google-analytics-opt-out\" href=\"javascript:gaoop_analytics_optout();\"> Google Analytics napsauttamalla t\u00e4st\u00e4 <\/a> :)Ev\u00e4steiden k\u00e4ytt\u00f6Media-Wolf.fi -sivustolla k\u00e4ytet\u00e4\u00e4n ev\u00e4steit\u00e4 k\u00e4ytt\u00e4j\u00e4kokemuksen parantamiseksi.Ev\u00e4ste (cookie) on pieni tekstitiedosto, joka tallennetaan tilap\u00e4isesti k\u00e4ytt\u00e4j\u00e4n kiintolevylle. Ev\u00e4steit\u00e4 k\u00e4ytet\u00e4\u00e4n l\u00e4hes kaikilla verkkosivustoilla, eiv\u00e4tk\u00e4 sivustot v\u00e4ltt\u00e4m\u00e4tt\u00e4 toimi kunnolla ilman ev\u00e4steit\u00e4.Ev\u00e4ste sis\u00e4lt\u00e4\u00e4 satunnaisesti luodun [&hellip;]<\/p>\n","protected":false},"author":4,"featured_media":0,"parent":0,"menu_order":0,"comment_status":"closed","ping_status":"closed","template":"","meta":{"_et_pb_use_builder":"on","_et_pb_old_content":"","_et_gb_content_width":"","footnotes":""},"class_list":["post-994","page","type-page","status-publish","hentry"],"_links":{"self":[{"href":"https:\/\/mediawolf.fi\/fi\/wp-json\/wp\/v2\/pages\/994","targetHints":{"allow":["GET"]}}],"collection":[{"href":"https:\/\/mediawolf.fi\/fi\/wp-json\/wp\/v2\/pages"}],"about":[{"href":"https:\/\/mediawolf.fi\/fi\/wp-json\/wp\/v2\/types\/page"}],"author":[{"embeddable":true,"href":"https:\/\/mediawolf.fi\/fi\/wp-json\/wp\/v2\/users\/4"}],"replies":[{"embeddable":true,"href":"https:\/\/mediawolf.fi\/fi\/wp-json\/wp\/v2\/comments?post=994"}],"version-history":[{"count":3,"href":"https:\/\/mediawolf.fi\/fi\/wp-json\/wp\/v2\/pages\/994\/revisions"}],"predecessor-version":[{"id":5681,"href":"https:\/\/mediawolf.fi\/fi\/wp-json\/wp\/v2\/pages\/994\/revisions\/5681"}],"wp:attachment":[{"href":"https:\/\/mediawolf.fi\/fi\/wp-json\/wp\/v2\/media?parent=994"}],"curies":[{"name":"wp","href":"https:\/\/api.w.org\/{rel}","templated":true}]}}